{"id":3382,"date":"2020-04-07T20:28:17","date_gmt":"2020-04-07T18:28:17","guid":{"rendered":"http:\/\/andersenestate.com\/?page_id=3382"},"modified":"2020-04-23T21:17:30","modified_gmt":"2020-04-23T19:17:30","slug":"base-de-donnees-clients","status":"publish","type":"page","link":"https:\/\/andersenestate.com\/fr\/base-de-donnees-clients\/","title":{"rendered":"Base de donn\u00e9es clients"},"content":{"rendered":"\t\t<div data-elementor-type=\"wp-page\" data-elementor-id=\"3382\" class=\"elementor elementor-3382 elementor-2476\" data-elementor-post-type=\"page\">\n\t\t\t\t\t\t<section class=\"elementor-section elementor-top-section elementor-element elementor-element-686b267 elementor-section-boxed elementor-section-height-default elementor-section-height-default\" data-id=\"686b267\" data-element_type=\"section\" data-e-type=\"section\">\n\t\t\t\t\t\t<div class=\"elementor-container elementor-column-gap-default\">\n\t\t\t\t\t<div class=\"elementor-column elementor-col-100 elementor-top-column elementor-element elementor-element-68ed271e\" data-id=\"68ed271e\" data-element_type=\"column\" data-e-type=\"column\">\n\t\t\t<div class=\"elementor-widget-wrap elementor-element-populated\">\n\t\t\t\t\t\t<div class=\"elementor-element elementor-element-30f54287 elementor-widget elementor-widget-spacer\" data-id=\"30f54287\" data-element_type=\"widget\" data-e-type=\"widget\" data-widget_type=\"spacer.default\">\n\t\t\t\t<div class=\"elementor-widget-container\">\n\t\t\t\t\t\t\t<div class=\"elementor-spacer\">\n\t\t\t<div class=\"elementor-spacer-inner\"><\/div>\n\t\t<\/div>\n\t\t\t\t\t\t<\/div>\n\t\t\t\t<\/div>\n\t\t\t\t<div class=\"elementor-element elementor-element-11605a50 elementor-widget elementor-widget-heading\" data-id=\"11605a50\" data-element_type=\"widget\" data-e-type=\"widget\" data-widget_type=\"heading.default\">\n\t\t\t\t<div class=\"elementor-widget-container\">\n\t\t\t\t\t<h2 class=\"elementor-heading-title elementor-size-default\">Inscrivez-vous \u00e0 notre r\u00e9pertoire des acheteurs<\/h2>\t\t\t\t<\/div>\n\t\t\t\t<\/div>\n\t\t\t\t<div class=\"elementor-element elementor-element-105b0dd7 elementor-widget elementor-widget-text-editor\" data-id=\"105b0dd7\" data-element_type=\"widget\" data-e-type=\"widget\" data-widget_type=\"text-editor.default\">\n\t\t\t\t<div class=\"elementor-widget-container\">\n\t\t\t\t\t\t\t\t\t<p class=\"p1\">Quelles sont vos exigences pour votre future villa ou appartement?<\/p>\t\t\t\t\t\t\t\t<\/div>\n\t\t\t\t<\/div>\n\t\t\t\t\t<\/div>\n\t\t<\/div>\n\t\t\t\t\t<\/div>\n\t\t<\/section>\n\t\t\t\t<section class=\"elementor-section elementor-top-section elementor-element elementor-element-55a51e1 elementor-section-boxed elementor-section-height-default elementor-section-height-default\" data-id=\"55a51e1\" data-element_type=\"section\" data-e-type=\"section\">\n\t\t\t\t\t\t<div class=\"elementor-container elementor-column-gap-default\">\n\t\t\t\t\t<div class=\"elementor-column elementor-col-66 elementor-top-column elementor-element elementor-element-15d19b9\" data-id=\"15d19b9\" data-element_type=\"column\" data-e-type=\"column\">\n\t\t\t<div class=\"elementor-widget-wrap elementor-element-populated\">\n\t\t\t\t\t\t<div class=\"elementor-element elementor-element-e87f087 elementor-widget elementor-widget-shortcode\" data-id=\"e87f087\" data-element_type=\"widget\" data-e-type=\"widget\" data-widget_type=\"shortcode.default\">\n\t\t\t\t<div class=\"elementor-widget-container\">\n\t\t\t\t\t\t\t<div class=\"elementor-shortcode\">\n<div class=\"wpcf7 no-js\" id=\"wpcf7-f3401-o1\" lang=\"en-US\" dir=\"ltr\" data-wpcf7-id=\"3401\">\n<div class=\"screen-reader-response\"><p role=\"status\" aria-live=\"polite\" aria-atomic=\"true\"><\/p> <ul><\/ul><\/div>\n<form action=\"\/fr\/wp-json\/wp\/v2\/pages\/3382#wpcf7-f3401-o1\" method=\"post\" class=\"wpcf7-form init\" aria-label=\"Contact form\" novalidate=\"novalidate\" data-status=\"init\">\n<fieldset class=\"hidden-fields-container\"><input type=\"hidden\" name=\"_wpcf7\" value=\"3401\" \/><input type=\"hidden\" name=\"_wpcf7_version\" value=\"6.1.5\" \/><input type=\"hidden\" name=\"_wpcf7_locale\" value=\"en_US\" \/><input type=\"hidden\" name=\"_wpcf7_unit_tag\" value=\"wpcf7-f3401-o1\" \/><input type=\"hidden\" name=\"_wpcf7_container_post\" value=\"0\" \/><input type=\"hidden\" name=\"_wpcf7_posted_data_hash\" value=\"\" \/>\n<\/fieldset>\n<div class=\"form-group\">\n\t<p><label class=\"required\" for=\"yourName\">Nom*<\/label><br \/>\n<span class=\"wpcf7-form-control-wrap\" data-name=\"your-name\"><input size=\"40\" maxlength=\"400\" class=\"wpcf7-form-control wpcf7-text wpcf7-validates-as-required form-control\" aria-required=\"true\" aria-invalid=\"false\" value=\"\" type=\"text\" name=\"your-name\" \/><\/span>\n\t<\/p>\n<\/div>\n<div class=\"form-group\">\n\t<p><label class=\"required\" for=\"yourGade\">Rue*<\/label><br \/>\n<span class=\"wpcf7-form-control-wrap\" data-name=\"your-gade\"><input size=\"40\" maxlength=\"400\" class=\"wpcf7-form-control wpcf7-text wpcf7-validates-as-required form-control\" aria-required=\"true\" aria-invalid=\"false\" value=\"\" type=\"text\" name=\"your-gade\" \/><\/span>\n\t<\/p>\n<\/div>\n<div class=\"form-group\">\n\t<p><label class=\"required\" for=\"yourBy\">Ville*<\/label><br \/>\n<span class=\"wpcf7-form-control-wrap\" data-name=\"your-by\"><input size=\"40\" maxlength=\"400\" class=\"wpcf7-form-control wpcf7-text wpcf7-validates-as-required form-control\" aria-required=\"true\" aria-invalid=\"false\" value=\"\" type=\"text\" name=\"your-by\" \/><\/span>\n\t<\/p>\n<\/div>\n<div class=\"form-group\">\n\t<p><label class=\"required\" for=\"yourTel\">T\u00e9l\u00e9phone*<\/label><br \/>\n<span class=\"wpcf7-form-control-wrap\" data-name=\"your-tel\"><input size=\"40\" maxlength=\"400\" class=\"wpcf7-form-control wpcf7-tel wpcf7-validates-as-required wpcf7-text wpcf7-validates-as-tel form-control\" aria-required=\"true\" aria-invalid=\"false\" value=\"\" type=\"tel\" name=\"your-tel\" \/><\/span>\n\t<\/p>\n<\/div>\n<div class=\"form-group\">\n\t<p><label class=\"required\" for=\"yourEmail\">Courriel*<\/label><br \/>\n<span class=\"wpcf7-form-control-wrap\" data-name=\"your-email\"><input size=\"40\" maxlength=\"400\" class=\"wpcf7-form-control wpcf7-email wpcf7-validates-as-required wpcf7-text wpcf7-validates-as-email form-control\" aria-required=\"true\" aria-invalid=\"false\" value=\"\" type=\"email\" name=\"your-email\" \/><\/span>\n\t<\/p>\n<\/div>\n<div class=\"form-group\">\n\t<p><label class=\"required\" for=\"yourJegs\u00f8ger\">Je cherche:*<\/label><br \/>\n<span class=\"wpcf7-form-control-wrap\" data-name=\"your-jeg-soger\"><span class=\"wpcf7-form-control wpcf7-radio ratio-fontsize\"><span class=\"wpcf7-list-item first\"><input type=\"radio\" name=\"your-jeg-soger\" value=\"Villa\" \/><span class=\"wpcf7-list-item-label\">Villa<\/span><\/span><span class=\"wpcf7-list-item\"><input type=\"radio\" name=\"your-jeg-soger\" value=\"Appartement\" \/><span class=\"wpcf7-list-item-label\">Appartement<\/span><\/span><span class=\"wpcf7-list-item last\"><input type=\"radio\" name=\"your-jeg-soger\" value=\"Autre chose*\" \/><span class=\"wpcf7-list-item-label\">Autre chose*<\/span><\/span><\/span><\/span>\n\t<\/p>\n<\/div>\n<div class=\"form-group\">\n\t<p><label class=\"required\" for=\"yourJegs\u00f8ger\">Type:*<\/label><br \/>\n<span class=\"wpcf7-form-control-wrap\" data-name=\"your-type\"><span class=\"wpcf7-form-control wpcf7-radio ratio-fontsize\"><span class=\"wpcf7-list-item first\"><input type=\"radio\" name=\"your-type\" value=\"R\u00e9sidence principale\" \/><span class=\"wpcf7-list-item-label\">R\u00e9sidence principale<\/span><\/span><span class=\"wpcf7-list-item last\"><input type=\"radio\" name=\"your-type\" value=\"R\u00e9sidence secondaire*\" \/><span class=\"wpcf7-list-item-label\">R\u00e9sidence secondaire*<\/span><\/span><\/span><\/span>\n\t<\/p>\n<\/div>\n<div class=\"form-group\">\n\t<p><label class=\"required\" for=\"omraade\">Secteur*<\/label><br \/>\n<span class=\"wpcf7-form-control-wrap\" data-name=\"your-omraade\"><input size=\"40\" maxlength=\"400\" class=\"wpcf7-form-control wpcf7-text wpcf7-validates-as-required form-control\" aria-required=\"true\" aria-invalid=\"false\" value=\"\" type=\"text\" name=\"your-omraade\" \/><\/span>\n\t<\/p>\n<\/div>\n<div class=\"form-group\">\n\t<p><label class=\"required\" for=\"Budget\">Budget*<\/label><br \/>\n<span class=\"wpcf7-form-control-wrap\" data-name=\"your-budget\"><input size=\"40\" maxlength=\"400\" class=\"wpcf7-form-control wpcf7-text wpcf7-validates-as-required form-control\" aria-required=\"true\" aria-invalid=\"false\" value=\"\" type=\"text\" name=\"your-budget\" \/><\/span>\n\t<\/p>\n<\/div>\n<div class=\"form-group\">\n\t<p><label class=\"required\" for=\"kriterier-skal\">\u00c9crivez 3 crit\u00e8res que vous souhaitez<\/label><br \/>\n<span class=\"wpcf7-form-control-wrap\" data-name=\"your-kriterier-skal\"><input size=\"40\" maxlength=\"400\" class=\"wpcf7-form-control wpcf7-text wpcf7-validates-as-required form-control\" aria-required=\"true\" aria-invalid=\"false\" value=\"\" type=\"text\" name=\"your-kriterier-skal\" \/><\/span>\n\t<\/p>\n<\/div>\n<div class=\"form-group\">\n\t<p><label class=\"required\" for=\"kriterier-skal\">\u00c9crivez 3 crit\u00e8res que vous <b>ne<\/b> souhaitez <b>pas<\/b><\/label><br \/>\n<span class=\"wpcf7-form-control-wrap\" data-name=\"your-kriterier-skal-ikke\"><input size=\"40\" maxlength=\"400\" class=\"wpcf7-form-control wpcf7-text wpcf7-validates-as-required form-control\" aria-required=\"true\" aria-invalid=\"false\" value=\"\" type=\"text\" name=\"your-kriterier-skal-ikke\" \/><\/span>\n\t<\/p>\n<\/div>\n<div class=\"form-group\">\n\t<p><label class=\"required\" for=\"yourJegs\u00f8ger\">Financement n\u00e9cessaire<\/label><br \/>\n<span class=\"wpcf7-form-control-wrap\" data-name=\"your-finansering\"><span class=\"wpcf7-form-control wpcf7-radio ratio-fontsize\"><span class=\"wpcf7-list-item first\"><input type=\"radio\" name=\"your-finansering\" value=\"Oui\" \/><span class=\"wpcf7-list-item-label\">Oui<\/span><\/span><span class=\"wpcf7-list-item last\"><input type=\"radio\" name=\"your-finansering\" value=\"No\" \/><span class=\"wpcf7-list-item-label\">No<\/span><\/span><\/span><\/span>\n\t<\/p>\n<\/div>\n<p><span class=\"wpcf7-form-control-wrap\" data-name=\"your-consent\"><span class=\"wpcf7-form-control wpcf7-acceptance\"><span class=\"wpcf7-list-item\"><label><input type=\"checkbox\" name=\"your-consent\" value=\"1\" aria-invalid=\"false\" \/><span class=\"wpcf7-list-item-label\"><a href=\"http:\/\/andersenestate.com\/fr\/politique-de-confidentialite\/\" target=\"_blank\">Acceptation des condition relatives aux donn\u00e9es personnelles<\/a><\/span><\/label><\/span><\/span><\/span>\n<\/p>\n<div class=\"form-group\">\n\t<p><input class=\"wpcf7-form-control wpcf7-submit has-spinner btn btn-primary btn-lg\" type=\"submit\" value=\"Envoyer\" \/>\n\t<\/p>\n<\/div><input type='hidden' class='wpcf7-pum' value='{\"closepopup\":false,\"closedelay\":0,\"openpopup\":false,\"openpopup_id\":0}' \/><div class=\"wpcf7-response-output\" aria-hidden=\"true\"><\/div>\n<\/form>\n<\/div>\n<\/div>\n\t\t\t\t\t\t<\/div>\n\t\t\t\t<\/div>\n\t\t\t\t\t<\/div>\n\t\t<\/div>\n\t\t\t\t<div class=\"elementor-column elementor-col-33 elementor-top-column elementor-element elementor-element-9734bba\" data-id=\"9734bba\" data-element_type=\"column\" data-e-type=\"column\">\n\t\t\t<div class=\"elementor-widget-wrap\">\n\t\t\t\t\t\t\t<\/div>\n\t\t<\/div>\n\t\t\t\t\t<\/div>\n\t\t<\/section>\n\t\t\t\t<section class=\"elementor-section elementor-top-section elementor-element elementor-element-4297e138 elementor-section-boxed elementor-section-height-default elementor-section-height-default\" data-id=\"4297e138\" data-element_type=\"section\" data-e-type=\"section\">\n\t\t\t\t\t\t<div class=\"elementor-container elementor-column-gap-default\">\n\t\t\t\t\t<div class=\"elementor-column elementor-col-100 elementor-top-column elementor-element elementor-element-14e2184e\" data-id=\"14e2184e\" data-element_type=\"column\" data-e-type=\"column\">\n\t\t\t<div class=\"elementor-widget-wrap elementor-element-populated\">\n\t\t\t\t\t\t<div class=\"elementor-element elementor-element-52436770 elementor-widget elementor-widget-spacer\" data-id=\"52436770\" data-element_type=\"widget\" data-e-type=\"widget\" data-widget_type=\"spacer.default\">\n\t\t\t\t<div class=\"elementor-widget-container\">\n\t\t\t\t\t\t\t<div class=\"elementor-spacer\">\n\t\t\t<div class=\"elementor-spacer-inner\"><\/div>\n\t\t<\/div>\n\t\t\t\t\t\t<\/div>\n\t\t\t\t<\/div>\n\t\t\t\t\t<\/div>\n\t\t<\/div>\n\t\t\t\t\t<\/div>\n\t\t<\/section>\n\t\t\t\t<section class=\"elementor-section elementor-top-section elementor-element elementor-element-57ab2718 elementor-section-boxed elementor-section-height-default elementor-section-height-default\" data-id=\"57ab2718\" data-element_type=\"section\" data-e-type=\"section\">\n\t\t\t\t\t\t<div class=\"elementor-container elementor-column-gap-default\">\n\t\t\t\t\t<div class=\"elementor-column elementor-col-100 elementor-top-column elementor-element elementor-element-3ffe471f\" data-id=\"3ffe471f\" data-element_type=\"column\" data-e-type=\"column\">\n\t\t\t<div class=\"elementor-widget-wrap elementor-element-populated\">\n\t\t\t\t\t\t<div class=\"elementor-element elementor-element-530ed8e4 elementor-widget elementor-widget-spacer\" data-id=\"530ed8e4\" data-element_type=\"widget\" data-e-type=\"widget\" data-widget_type=\"spacer.default\">\n\t\t\t\t<div class=\"elementor-widget-container\">\n\t\t\t\t\t\t\t<div class=\"elementor-spacer\">\n\t\t\t<div class=\"elementor-spacer-inner\"><\/div>\n\t\t<\/div>\n\t\t\t\t\t\t<\/div>\n\t\t\t\t<\/div>\n\t\t\t\t\t<\/div>\n\t\t<\/div>\n\t\t\t\t\t<\/div>\n\t\t<\/section>\n\t\t\t\t<section class=\"elementor-section elementor-top-section elementor-element elementor-element-10dd162e elementor-section-boxed elementor-section-height-default elementor-section-height-default\" data-id=\"10dd162e\" data-element_type=\"section\" data-e-type=\"section\">\n\t\t\t\t\t\t<div class=\"elementor-container elementor-column-gap-default\">\n\t\t\t\t\t<div class=\"elementor-column elementor-col-100 elementor-top-column elementor-element elementor-element-42b131af\" data-id=\"42b131af\" data-element_type=\"column\" data-e-type=\"column\">\n\t\t\t<div class=\"elementor-widget-wrap elementor-element-populated\">\n\t\t\t\t\t\t<div class=\"elementor-element elementor-element-4656936e elementor-icon-list--layout-traditional elementor-list-item-link-full_width elementor-widget elementor-widget-icon-list\" data-id=\"4656936e\" data-element_type=\"widget\" data-e-type=\"widget\" data-widget_type=\"icon-list.default\">\n\t\t\t\t<div class=\"elementor-widget-container\">\n\t\t\t\t\t\t\t<ul class=\"elementor-icon-list-items\">\n\t\t\t\t\t\t\t<li class=\"elementor-icon-list-item\">\n\t\t\t\t\t\t\t\t\t\t\t<a href=\"http:\/\/andersenestate.com\/fr\/\">\n\n\t\t\t\t\t\t\t\t\t\t\t\t<span class=\"elementor-icon-list-icon\">\n\t\t\t\t\t\t\t<i aria-hidden=\"true\" class=\"fas fa-long-arrow-alt-left\"><\/i>\t\t\t\t\t\t<\/span>\n\t\t\t\t\t\t\t\t\t\t<span class=\"elementor-icon-list-text\">Accueil<\/span>\n\t\t\t\t\t\t\t\t\t\t\t<\/a>\n\t\t\t\t\t\t\t\t\t<\/li>\n\t\t\t\t\t\t\t\t<li class=\"elementor-icon-list-item\">\n\t\t\t\t\t\t\t\t\t\t\t<a href=\"\/fr\/vente\">\n\n\t\t\t\t\t\t\t\t\t\t\t\t<span class=\"elementor-icon-list-icon\">\n\t\t\t\t\t\t\t<i aria-hidden=\"true\" class=\"fas fa-long-arrow-alt-left\"><\/i>\t\t\t\t\t\t<\/span>\n\t\t\t\t\t\t\t\t\t\t<span class=\"elementor-icon-list-text\">Biens en vente<\/span>\n\t\t\t\t\t\t\t\t\t\t\t<\/a>\n\t\t\t\t\t\t\t\t\t<\/li>\n\t\t\t\t\t\t<\/ul>\n\t\t\t\t\t\t<\/div>\n\t\t\t\t<\/div>\n\t\t\t\t\t<\/div>\n\t\t<\/div>\n\t\t\t\t\t<\/div>\n\t\t<\/section>\n\t\t\t\t<section class=\"elementor-section elementor-top-section elementor-element elementor-element-3fad2f0b elementor-section-boxed elementor-section-height-default elementor-section-height-default\" data-id=\"3fad2f0b\" data-element_type=\"section\" data-e-type=\"section\">\n\t\t\t\t\t\t<div class=\"elementor-container elementor-column-gap-default\">\n\t\t\t\t\t<div class=\"elementor-column elementor-col-100 elementor-top-column elementor-element elementor-element-65507b75\" data-id=\"65507b75\" data-element_type=\"column\" data-e-type=\"column\">\n\t\t\t<div class=\"elementor-widget-wrap elementor-element-populated\">\n\t\t\t\t\t\t<div class=\"elementor-element elementor-element-4f16226a elementor-widget elementor-widget-spacer\" data-id=\"4f16226a\" data-element_type=\"widget\" data-e-type=\"widget\" data-widget_type=\"spacer.default\">\n\t\t\t\t<div class=\"elementor-widget-container\">\n\t\t\t\t\t\t\t<div class=\"elementor-spacer\">\n\t\t\t<div class=\"elementor-spacer-inner\"><\/div>\n\t\t<\/div>\n\t\t\t\t\t\t<\/div>\n\t\t\t\t<\/div>\n\t\t\t\t\t<\/div>\n\t\t<\/div>\n\t\t\t\t\t<\/div>\n\t\t<\/section>\n\t\t\t\t<\/div>\n\t\t","protected":false},"excerpt":{"rendered":"<p>Inscrivez-vous \u00e0 notre r\u00e9pertoire des acheteurs Quelles sont vos exigences pour votre future villa ou appartement? Accueil Biens en vente<\/p>\n","protected":false},"author":1,"featured_media":3173,"parent":0,"menu_order":0,"comment_status":"closed","ping_status":"closed","template":"elementor_header_footer","meta":{"_acf_changed":false,"footnotes":""},"class_list":["post-3382","page","type-page","status-publish","has-post-thumbnail","hentry"],"acf":[],"yoast_head":"<!-- This site is optimized with the Yoast SEO plugin v27.4 - https:\/\/yoast.com\/product\/yoast-seo-wordpress\/ -->\n<title>Base de donn\u00e9es clients - Andersen Estate<\/title>\n<meta name=\"robots\" content=\"index, follow, max-snippet:-1, max-image-preview:large, max-video-preview:-1\" \/>\n<link rel=\"canonical\" href=\"https:\/\/andersenestate.com\/fr\/base-de-donnees-clients\/\" \/>\n<meta property=\"og:locale\" content=\"fr_FR\" \/>\n<meta property=\"og:type\" content=\"article\" \/>\n<meta property=\"og:title\" content=\"Base de donn\u00e9es clients - Andersen Estate\" \/>\n<meta property=\"og:description\" content=\"Inscrivez-vous \u00e0 notre r\u00e9pertoire des acheteurs Quelles sont vos exigences pour votre future villa ou appartement? Accueil Biens en vente\" \/>\n<meta property=\"og:url\" content=\"https:\/\/andersenestate.com\/fr\/base-de-donnees-clients\/\" \/>\n<meta property=\"og:site_name\" content=\"Andersen Estate\" \/>\n<meta property=\"article:modified_time\" content=\"2020-04-23T19:17:30+00:00\" \/>\n<meta property=\"og:image\" content=\"https:\/\/andersenestate.com\/wp-content\/uploads\/2020\/03\/shutterstock_1033562338-scaled.jpg\" \/>\n\t<meta property=\"og:image:width\" content=\"2560\" \/>\n\t<meta property=\"og:image:height\" content=\"1773\" \/>\n\t<meta property=\"og:image:type\" content=\"image\/jpeg\" \/>\n<meta name=\"twitter:card\" content=\"summary_large_image\" \/>\n<script type=\"application\/ld+json\" class=\"yoast-schema-graph\">{\"@context\":\"https:\\\/\\\/schema.org\",\"@graph\":[{\"@type\":\"WebPage\",\"@id\":\"https:\\\/\\\/andersenestate.com\\\/fr\\\/base-de-donnees-clients\\\/\",\"url\":\"https:\\\/\\\/andersenestate.com\\\/fr\\\/base-de-donnees-clients\\\/\",\"name\":\"Base de donn\u00e9es clients - Andersen Estate\",\"isPartOf\":{\"@id\":\"https:\\\/\\\/andersenestate.com\\\/da\\\/#website\"},\"primaryImageOfPage\":{\"@id\":\"https:\\\/\\\/andersenestate.com\\\/fr\\\/base-de-donnees-clients\\\/#primaryimage\"},\"image\":{\"@id\":\"https:\\\/\\\/andersenestate.com\\\/fr\\\/base-de-donnees-clients\\\/#primaryimage\"},\"thumbnailUrl\":\"https:\\\/\\\/andersenestate.com\\\/wp-content\\\/uploads\\\/2020\\\/03\\\/shutterstock_1033562338-scaled.jpg\",\"datePublished\":\"2020-04-07T18:28:17+00:00\",\"dateModified\":\"2020-04-23T19:17:30+00:00\",\"breadcrumb\":{\"@id\":\"https:\\\/\\\/andersenestate.com\\\/fr\\\/base-de-donnees-clients\\\/#breadcrumb\"},\"inLanguage\":\"fr-FR\",\"potentialAction\":[{\"@type\":\"ReadAction\",\"target\":[\"https:\\\/\\\/andersenestate.com\\\/fr\\\/base-de-donnees-clients\\\/\"]}]},{\"@type\":\"ImageObject\",\"inLanguage\":\"fr-FR\",\"@id\":\"https:\\\/\\\/andersenestate.com\\\/fr\\\/base-de-donnees-clients\\\/#primaryimage\",\"url\":\"https:\\\/\\\/andersenestate.com\\\/wp-content\\\/uploads\\\/2020\\\/03\\\/shutterstock_1033562338-scaled.jpg\",\"contentUrl\":\"https:\\\/\\\/andersenestate.com\\\/wp-content\\\/uploads\\\/2020\\\/03\\\/shutterstock_1033562338-scaled.jpg\",\"width\":2560,\"height\":1773},{\"@type\":\"BreadcrumbList\",\"@id\":\"https:\\\/\\\/andersenestate.com\\\/fr\\\/base-de-donnees-clients\\\/#breadcrumb\",\"itemListElement\":[{\"@type\":\"ListItem\",\"position\":1,\"name\":\"Home\",\"item\":\"https:\\\/\\\/andersenestate.com\\\/fr\\\/\"},{\"@type\":\"ListItem\",\"position\":2,\"name\":\"Base de donn\u00e9es clients\"}]},{\"@type\":\"WebSite\",\"@id\":\"https:\\\/\\\/andersenestate.com\\\/da\\\/#website\",\"url\":\"https:\\\/\\\/andersenestate.com\\\/da\\\/\",\"name\":\"Andersen Estate\",\"description\":\"\",\"publisher\":{\"@id\":\"https:\\\/\\\/andersenestate.com\\\/da\\\/#organization\"},\"potentialAction\":[{\"@type\":\"SearchAction\",\"target\":{\"@type\":\"EntryPoint\",\"urlTemplate\":\"https:\\\/\\\/andersenestate.com\\\/da\\\/?s={search_term_string}\"},\"query-input\":{\"@type\":\"PropertyValueSpecification\",\"valueRequired\":true,\"valueName\":\"search_term_string\"}}],\"inLanguage\":\"fr-FR\"},{\"@type\":\"Organization\",\"@id\":\"https:\\\/\\\/andersenestate.com\\\/da\\\/#organization\",\"name\":\"Andersen Estate\",\"url\":\"https:\\\/\\\/andersenestate.com\\\/da\\\/\",\"logo\":{\"@type\":\"ImageObject\",\"inLanguage\":\"fr-FR\",\"@id\":\"https:\\\/\\\/andersenestate.com\\\/da\\\/#\\\/schema\\\/logo\\\/image\\\/\",\"url\":\"https:\\\/\\\/andersenestate.com\\\/wp-content\\\/uploads\\\/2020\\\/04\\\/AE_logo1_blue_600.png\",\"contentUrl\":\"https:\\\/\\\/andersenestate.com\\\/wp-content\\\/uploads\\\/2020\\\/04\\\/AE_logo1_blue_600.png\",\"width\":600,\"height\":228,\"caption\":\"Andersen Estate\"},\"image\":{\"@id\":\"https:\\\/\\\/andersenestate.com\\\/da\\\/#\\\/schema\\\/logo\\\/image\\\/\"}}]}<\/script>\n<!-- \/ Yoast SEO plugin. -->","yoast_head_json":{"title":"Base de donn\u00e9es clients - Andersen Estate","robots":{"index":"index","follow":"follow","max-snippet":"max-snippet:-1","max-image-preview":"max-image-preview:large","max-video-preview":"max-video-preview:-1"},"canonical":"https:\/\/andersenestate.com\/fr\/base-de-donnees-clients\/","og_locale":"fr_FR","og_type":"article","og_title":"Base de donn\u00e9es clients - Andersen Estate","og_description":"Inscrivez-vous \u00e0 notre r\u00e9pertoire des acheteurs Quelles sont vos exigences pour votre future villa ou appartement? Accueil Biens en vente","og_url":"https:\/\/andersenestate.com\/fr\/base-de-donnees-clients\/","og_site_name":"Andersen Estate","article_modified_time":"2020-04-23T19:17:30+00:00","og_image":[{"width":2560,"height":1773,"url":"https:\/\/andersenestate.com\/wp-content\/uploads\/2020\/03\/shutterstock_1033562338-scaled.jpg","type":"image\/jpeg"}],"twitter_card":"summary_large_image","schema":{"@context":"https:\/\/schema.org","@graph":[{"@type":"WebPage","@id":"https:\/\/andersenestate.com\/fr\/base-de-donnees-clients\/","url":"https:\/\/andersenestate.com\/fr\/base-de-donnees-clients\/","name":"Base de donn\u00e9es clients - Andersen Estate","isPartOf":{"@id":"https:\/\/andersenestate.com\/da\/#website"},"primaryImageOfPage":{"@id":"https:\/\/andersenestate.com\/fr\/base-de-donnees-clients\/#primaryimage"},"image":{"@id":"https:\/\/andersenestate.com\/fr\/base-de-donnees-clients\/#primaryimage"},"thumbnailUrl":"https:\/\/andersenestate.com\/wp-content\/uploads\/2020\/03\/shutterstock_1033562338-scaled.jpg","datePublished":"2020-04-07T18:28:17+00:00","dateModified":"2020-04-23T19:17:30+00:00","breadcrumb":{"@id":"https:\/\/andersenestate.com\/fr\/base-de-donnees-clients\/#breadcrumb"},"inLanguage":"fr-FR","potentialAction":[{"@type":"ReadAction","target":["https:\/\/andersenestate.com\/fr\/base-de-donnees-clients\/"]}]},{"@type":"ImageObject","inLanguage":"fr-FR","@id":"https:\/\/andersenestate.com\/fr\/base-de-donnees-clients\/#primaryimage","url":"https:\/\/andersenestate.com\/wp-content\/uploads\/2020\/03\/shutterstock_1033562338-scaled.jpg","contentUrl":"https:\/\/andersenestate.com\/wp-content\/uploads\/2020\/03\/shutterstock_1033562338-scaled.jpg","width":2560,"height":1773},{"@type":"BreadcrumbList","@id":"https:\/\/andersenestate.com\/fr\/base-de-donnees-clients\/#breadcrumb","itemListElement":[{"@type":"ListItem","position":1,"name":"Home","item":"https:\/\/andersenestate.com\/fr\/"},{"@type":"ListItem","position":2,"name":"Base de donn\u00e9es clients"}]},{"@type":"WebSite","@id":"https:\/\/andersenestate.com\/da\/#website","url":"https:\/\/andersenestate.com\/da\/","name":"Andersen Estate","description":"","publisher":{"@id":"https:\/\/andersenestate.com\/da\/#organization"},"potentialAction":[{"@type":"SearchAction","target":{"@type":"EntryPoint","urlTemplate":"https:\/\/andersenestate.com\/da\/?s={search_term_string}"},"query-input":{"@type":"PropertyValueSpecification","valueRequired":true,"valueName":"search_term_string"}}],"inLanguage":"fr-FR"},{"@type":"Organization","@id":"https:\/\/andersenestate.com\/da\/#organization","name":"Andersen Estate","url":"https:\/\/andersenestate.com\/da\/","logo":{"@type":"ImageObject","inLanguage":"fr-FR","@id":"https:\/\/andersenestate.com\/da\/#\/schema\/logo\/image\/","url":"https:\/\/andersenestate.com\/wp-content\/uploads\/2020\/04\/AE_logo1_blue_600.png","contentUrl":"https:\/\/andersenestate.com\/wp-content\/uploads\/2020\/04\/AE_logo1_blue_600.png","width":600,"height":228,"caption":"Andersen Estate"},"image":{"@id":"https:\/\/andersenestate.com\/da\/#\/schema\/logo\/image\/"}}]}},"_links":{"self":[{"href":"https:\/\/andersenestate.com\/fr\/wp-json\/wp\/v2\/pages\/3382","targetHints":{"allow":["GET"]}}],"collection":[{"href":"https:\/\/andersenestate.com\/fr\/wp-json\/wp\/v2\/pages"}],"about":[{"href":"https:\/\/andersenestate.com\/fr\/wp-json\/wp\/v2\/types\/page"}],"author":[{"embeddable":true,"href":"https:\/\/andersenestate.com\/fr\/wp-json\/wp\/v2\/users\/1"}],"replies":[{"embeddable":true,"href":"https:\/\/andersenestate.com\/fr\/wp-json\/wp\/v2\/comments?post=3382"}],"version-history":[{"count":0,"href":"https:\/\/andersenestate.com\/fr\/wp-json\/wp\/v2\/pages\/3382\/revisions"}],"wp:featuredmedia":[{"embeddable":true,"href":"https:\/\/andersenestate.com\/fr\/wp-json\/wp\/v2\/media\/3173"}],"wp:attachment":[{"href":"https:\/\/andersenestate.com\/fr\/wp-json\/wp\/v2\/media?parent=3382"}],"curies":[{"name":"wp","href":"https:\/\/api.w.org\/{rel}","templated":true}]}}