{"id":3300,"date":"2020-04-06T12:44:21","date_gmt":"2020-04-06T10:44:21","guid":{"rendered":"http:\/\/andersenestate.com\/?page_id=3300"},"modified":"2022-01-18T13:03:52","modified_gmt":"2022-01-18T12:03:52","slug":"vendre-avec-andersen-estate","status":"publish","type":"page","link":"https:\/\/andersenestate.com\/fr\/vendre-avec-andersen-estate\/","title":{"rendered":"Vendre avec Andersen Estate"},"content":{"rendered":"\t\t<div data-elementor-type=\"wp-page\" data-elementor-id=\"3300\" class=\"elementor elementor-3300 elementor-2462\" data-elementor-post-type=\"page\">\n\t\t\t\t\t\t<section class=\"elementor-section elementor-top-section elementor-element elementor-element-3370df9a elementor-section-boxed elementor-section-height-default elementor-section-height-default\" data-id=\"3370df9a\" data-element_type=\"section\" data-e-type=\"section\">\n\t\t\t\t\t\t<div class=\"elementor-container elementor-column-gap-default\">\n\t\t\t\t\t<div class=\"elementor-column elementor-col-100 elementor-top-column elementor-element elementor-element-6c86bc68\" data-id=\"6c86bc68\" data-element_type=\"column\" data-e-type=\"column\">\n\t\t\t<div class=\"elementor-widget-wrap elementor-element-populated\">\n\t\t\t\t\t\t<div class=\"elementor-element elementor-element-26957c89 elementor-widget elementor-widget-spacer\" data-id=\"26957c89\" data-element_type=\"widget\" data-e-type=\"widget\" data-widget_type=\"spacer.default\">\n\t\t\t\t<div class=\"elementor-widget-container\">\n\t\t\t\t\t\t\t<div class=\"elementor-spacer\">\n\t\t\t<div class=\"elementor-spacer-inner\"><\/div>\n\t\t<\/div>\n\t\t\t\t\t\t<\/div>\n\t\t\t\t<\/div>\n\t\t\t\t<div class=\"elementor-element elementor-element-80f876c elementor-widget elementor-widget-heading\" data-id=\"80f876c\" data-element_type=\"widget\" data-e-type=\"widget\" data-widget_type=\"heading.default\">\n\t\t\t\t<div class=\"elementor-widget-container\">\n\t\t\t\t\t<h2 class=\"elementor-heading-title elementor-size-default\">Vendre avec Andersen Estate<\/h2>\t\t\t\t<\/div>\n\t\t\t\t<\/div>\n\t\t\t\t<div class=\"elementor-element elementor-element-50dacbff elementor-widget elementor-widget-text-editor\" data-id=\"50dacbff\" data-element_type=\"widget\" data-e-type=\"widget\" data-widget_type=\"text-editor.default\">\n\t\t\t\t<div class=\"elementor-widget-container\">\n\t\t\t\t\t\t\t\t\t<p>Notre agence immobili\u00e8re est fond\u00e9e sur les principes suivants:<\/p>\t\t\t\t\t\t\t\t<\/div>\n\t\t\t\t<\/div>\n\t\t\t\t\t<\/div>\n\t\t<\/div>\n\t\t\t\t\t<\/div>\n\t\t<\/section>\n\t\t\t\t<section class=\"elementor-section elementor-top-section elementor-element elementor-element-37525591 elementor-section-boxed elementor-section-height-default elementor-section-height-default\" data-id=\"37525591\" data-element_type=\"section\" data-e-type=\"section\">\n\t\t\t\t\t\t<div class=\"elementor-container elementor-column-gap-default\">\n\t\t\t\t\t<div class=\"elementor-column elementor-col-100 elementor-top-column elementor-element elementor-element-1546c55a\" data-id=\"1546c55a\" data-element_type=\"column\" data-e-type=\"column\">\n\t\t\t<div class=\"elementor-widget-wrap elementor-element-populated\">\n\t\t\t\t\t\t<div class=\"elementor-element elementor-element-4558ee84 elementor-align-start elementor-icon-list--layout-traditional elementor-list-item-link-full_width elementor-widget elementor-widget-icon-list\" data-id=\"4558ee84\" data-element_type=\"widget\" data-e-type=\"widget\" data-widget_type=\"icon-list.default\">\n\t\t\t\t<div class=\"elementor-widget-container\">\n\t\t\t\t\t\t\t<ul class=\"elementor-icon-list-items\">\n\t\t\t\t\t\t\t<li class=\"elementor-icon-list-item\">\n\t\t\t\t\t\t\t\t\t\t\t<span class=\"elementor-icon-list-icon\">\n\t\t\t\t\t\t\t<i aria-hidden=\"true\" class=\"fas fa-chevron-right\"><\/i>\t\t\t\t\t\t<\/span>\n\t\t\t\t\t\t\t\t\t\t<span class=\"elementor-icon-list-text\">Efficacit\u00e9<\/span>\n\t\t\t\t\t\t\t\t\t<\/li>\n\t\t\t\t\t\t\t\t<li class=\"elementor-icon-list-item\">\n\t\t\t\t\t\t\t\t\t\t\t<span class=\"elementor-icon-list-icon\">\n\t\t\t\t\t\t\t<i aria-hidden=\"true\" class=\"fas fa-chevron-right\"><\/i>\t\t\t\t\t\t<\/span>\n\t\t\t\t\t\t\t\t\t\t<span class=\"elementor-icon-list-text\">Transparence<\/span>\n\t\t\t\t\t\t\t\t\t<\/li>\n\t\t\t\t\t\t\t\t<li class=\"elementor-icon-list-item\">\n\t\t\t\t\t\t\t\t\t\t\t<span class=\"elementor-icon-list-icon\">\n\t\t\t\t\t\t\t<i aria-hidden=\"true\" class=\"fas fa-chevron-right\"><\/i>\t\t\t\t\t\t<\/span>\n\t\t\t\t\t\t\t\t\t\t<span class=\"elementor-icon-list-text\">Anticipation<\/span>\n\t\t\t\t\t\t\t\t\t<\/li>\n\t\t\t\t\t\t\t\t<li class=\"elementor-icon-list-item\">\n\t\t\t\t\t\t\t\t\t\t\t<span class=\"elementor-icon-list-icon\">\n\t\t\t\t\t\t\t<i aria-hidden=\"true\" class=\"fas fa-chevron-right\"><\/i>\t\t\t\t\t\t<\/span>\n\t\t\t\t\t\t\t\t\t\t<span class=\"elementor-icon-list-text\">Honoraires raisonnables<\/span>\n\t\t\t\t\t\t\t\t\t<\/li>\n\t\t\t\t\t\t<\/ul>\n\t\t\t\t\t\t<\/div>\n\t\t\t\t<\/div>\n\t\t\t\t\t<\/div>\n\t\t<\/div>\n\t\t\t\t\t<\/div>\n\t\t<\/section>\n\t\t\t\t<section class=\"elementor-section elementor-top-section elementor-element elementor-element-b02a08e elementor-section-boxed elementor-section-height-default elementor-section-height-default\" data-id=\"b02a08e\" data-element_type=\"section\" data-e-type=\"section\">\n\t\t\t\t\t\t<div class=\"elementor-container elementor-column-gap-default\">\n\t\t\t\t\t<div class=\"elementor-column elementor-col-100 elementor-top-column elementor-element elementor-element-4deb93fe\" data-id=\"4deb93fe\" data-element_type=\"column\" data-e-type=\"column\">\n\t\t\t<div class=\"elementor-widget-wrap elementor-element-populated\">\n\t\t\t\t\t\t<div class=\"elementor-element elementor-element-695f1e72 elementor-widget elementor-widget-text-editor\" data-id=\"695f1e72\" data-element_type=\"widget\" data-e-type=\"widget\" data-widget_type=\"text-editor.default\">\n\t\t\t\t<div class=\"elementor-widget-container\">\n\t\t\t\t\t\t\t\t\t<p>Nous nous concentrons sur la vente de votre villa ou de votre appartement. Avant la visite, nous avons d\u00e9j\u00e0 \u00e9tabli un dialogue \u00e9troit avec les acheteurs potentiels. Cela garantit des visites efficaces.<\/p><p>Votre villa ou votre appartement est unique. Seule une pr\u00e9sentation dans les r\u00e8gles de l\u2019art mettra en valeur son caract\u00e8re et ses sp\u00e9cificit\u00e9s, pour en obtenir le meilleur prix, dans un d\u00e9lai convenu avec vous.<\/p><p>En tant que conseillers, nous vous aidons donc \u00e0 d\u00e9couvrir ces qualit\u00e9s particuli\u00e8res, qui sont des atouts suppl\u00e9mentaires pour la vente.<br \/>En parall\u00e8le, nous vous donnons une estimation et calculons votre plus-value \u00e9ventuelle. Vous savez ainsi d\u00e8s le d\u00e9part et de fa\u00e7on transparente quel sera votre net vendeur \u00e0 l\u2019issue de la transaction.<\/p><p>Votre villa ou appartement sera vendu sans agence immobili\u00e8re co\u00fbteuse et clinquante avec des \u00e9crans plats en vitrine.<br \/>Nous concentrons nos efforts sur l\u2019essentiel et mobilisons nos ressources pour commercialiser votre villa ou appartement localement, nationalement et internationalement.<br \/>Nous avons pour cela notre r\u00e9seau de partenaires\u00a0: des banques, des avocats, les r\u00e9seaux sociaux, les sites web, les salons, etc.<br \/>Le marketing est adapt\u00e9 et cibl\u00e9 directement sur les acheteurs potentiels de votre bien.<\/p><p>Un dialogue privil\u00e9gi\u00e9, avec une communication r\u00e9guli\u00e8re, est essentiel entre nous.<\/p><p>Tous les documents administratifs et l\u00e9gaux n\u00e9cessaires sont obtenus avant le d\u00e9but de la vente.<br \/>Ainsi, la r\u00e9daction du compromis de vente peut commencer d\u00e8s que les parties sont d&rsquo;accord.<\/p><p>Grace \u00e0 notre efficacit\u00e9 et notre rigueur, nous pouvons vous proposer une r\u00e9mun\u00e9ration juste de notre travail.<\/p><p>Lorsque votre villa ou appartement est vendu, nous vous aidons naturellement \u00e0 r\u00e9silier vos abonnements divers (t\u00e9l\u00e9phone, internet\u2026), les assurances, le compte bancaire, et \u00e0 effectuer vos d\u00e9marches administratives (taxes, syndic de copropri\u00e9t\u00e9, etc\u2026).<\/p><p>Contactez-nous pour une estimation ou un simple conseil:<\/p>\t\t\t\t\t\t\t\t<\/div>\n\t\t\t\t<\/div>\n\t\t\t\t\t<\/div>\n\t\t<\/div>\n\t\t\t\t\t<\/div>\n\t\t<\/section>\n\t\t\t\t<section class=\"elementor-section elementor-top-section elementor-element elementor-element-235a035b elementor-section-boxed elementor-section-height-default elementor-section-height-default\" data-id=\"235a035b\" data-element_type=\"section\" data-e-type=\"section\">\n\t\t\t\t\t\t<div class=\"elementor-container elementor-column-gap-default\">\n\t\t\t\t\t<div class=\"elementor-column elementor-col-100 elementor-top-column elementor-element elementor-element-2d789746\" data-id=\"2d789746\" data-element_type=\"column\" data-e-type=\"column\">\n\t\t\t<div class=\"elementor-widget-wrap elementor-element-populated\">\n\t\t\t\t\t\t<div class=\"elementor-element elementor-element-653ffd24 elementor-icon-list--layout-traditional elementor-list-item-link-full_width elementor-widget elementor-widget-icon-list\" data-id=\"653ffd24\" data-element_type=\"widget\" data-e-type=\"widget\" data-widget_type=\"icon-list.default\">\n\t\t\t\t<div class=\"elementor-widget-container\">\n\t\t\t\t\t\t\t<ul class=\"elementor-icon-list-items\">\n\t\t\t\t\t\t\t<li class=\"elementor-icon-list-item\">\n\t\t\t\t\t\t\t\t\t\t\t<a href=\"tel:0033(0)686691689\">\n\n\t\t\t\t\t\t\t\t\t\t\t\t<span class=\"elementor-icon-list-icon\">\n\t\t\t\t\t\t\t<i aria-hidden=\"true\" class=\"fas fa-mobile-alt\"><\/i>\t\t\t\t\t\t<\/span>\n\t\t\t\t\t\t\t\t\t\t<span class=\"elementor-icon-list-text\">0033 (0)6 86 69 16 89<\/span>\n\t\t\t\t\t\t\t\t\t\t\t<\/a>\n\t\t\t\t\t\t\t\t\t<\/li>\n\t\t\t\t\t\t\t\t<li class=\"elementor-icon-list-item\">\n\t\t\t\t\t\t\t\t\t\t\t<a href=\"mailto:morten@andersenestate.com%20\">\n\n\t\t\t\t\t\t\t\t\t\t\t\t<span class=\"elementor-icon-list-icon\">\n\t\t\t\t\t\t\t<i aria-hidden=\"true\" class=\"fas fa-envelope\"><\/i>\t\t\t\t\t\t<\/span>\n\t\t\t\t\t\t\t\t\t\t<span class=\"elementor-icon-list-text\">morten@andersenestate.com<\/span>\n\t\t\t\t\t\t\t\t\t\t\t<\/a>\n\t\t\t\t\t\t\t\t\t<\/li>\n\t\t\t\t\t\t<\/ul>\n\t\t\t\t\t\t<\/div>\n\t\t\t\t<\/div>\n\t\t\t\t\t<\/div>\n\t\t<\/div>\n\t\t\t\t\t<\/div>\n\t\t<\/section>\n\t\t\t\t<section class=\"elementor-section elementor-top-section elementor-element elementor-element-4ef4203c elementor-section-boxed elementor-section-height-default elementor-section-height-default\" data-id=\"4ef4203c\" data-element_type=\"section\" data-e-type=\"section\">\n\t\t\t\t\t\t<div class=\"elementor-container elementor-column-gap-default\">\n\t\t\t\t\t<div class=\"elementor-column elementor-col-100 elementor-top-column elementor-element elementor-element-68b191f0\" data-id=\"68b191f0\" data-element_type=\"column\" data-e-type=\"column\">\n\t\t\t<div class=\"elementor-widget-wrap elementor-element-populated\">\n\t\t\t\t\t\t<div class=\"elementor-element elementor-element-3d379aaa elementor-widget elementor-widget-spacer\" data-id=\"3d379aaa\" data-element_type=\"widget\" data-e-type=\"widget\" data-widget_type=\"spacer.default\">\n\t\t\t\t<div class=\"elementor-widget-container\">\n\t\t\t\t\t\t\t<div class=\"elementor-spacer\">\n\t\t\t<div class=\"elementor-spacer-inner\"><\/div>\n\t\t<\/div>\n\t\t\t\t\t\t<\/div>\n\t\t\t\t<\/div>\n\t\t\t\t\t<\/div>\n\t\t<\/div>\n\t\t\t\t\t<\/div>\n\t\t<\/section>\n\t\t\t\t<section class=\"elementor-section elementor-top-section elementor-element elementor-element-1d09eb93 elementor-section-boxed elementor-section-height-default elementor-section-height-default\" data-id=\"1d09eb93\" data-element_type=\"section\" data-e-type=\"section\">\n\t\t\t\t\t\t<div class=\"elementor-container elementor-column-gap-default\">\n\t\t\t\t\t<div class=\"elementor-column elementor-col-100 elementor-top-column elementor-element elementor-element-7330291d\" data-id=\"7330291d\" data-element_type=\"column\" data-e-type=\"column\">\n\t\t\t<div class=\"elementor-widget-wrap elementor-element-populated\">\n\t\t\t\t\t\t<div class=\"elementor-element elementor-element-52ec996b elementor-widget elementor-widget-spacer\" data-id=\"52ec996b\" data-element_type=\"widget\" data-e-type=\"widget\" data-widget_type=\"spacer.default\">\n\t\t\t\t<div class=\"elementor-widget-container\">\n\t\t\t\t\t\t\t<div class=\"elementor-spacer\">\n\t\t\t<div class=\"elementor-spacer-inner\"><\/div>\n\t\t<\/div>\n\t\t\t\t\t\t<\/div>\n\t\t\t\t<\/div>\n\t\t\t\t\t<\/div>\n\t\t<\/div>\n\t\t\t\t\t<\/div>\n\t\t<\/section>\n\t\t\t\t<section class=\"elementor-section elementor-top-section elementor-element elementor-element-748d48a2 elementor-section-boxed elementor-section-height-default elementor-section-height-default\" data-id=\"748d48a2\" data-element_type=\"section\" data-e-type=\"section\">\n\t\t\t\t\t\t<div class=\"elementor-container elementor-column-gap-default\">\n\t\t\t\t\t<div class=\"elementor-column elementor-col-100 elementor-top-column elementor-element elementor-element-370394f1\" data-id=\"370394f1\" data-element_type=\"column\" data-e-type=\"column\">\n\t\t\t<div class=\"elementor-widget-wrap elementor-element-populated\">\n\t\t\t\t\t\t<div class=\"elementor-element elementor-element-465fc85b elementor-icon-list--layout-traditional elementor-list-item-link-full_width elementor-widget elementor-widget-icon-list\" data-id=\"465fc85b\" data-element_type=\"widget\" data-e-type=\"widget\" data-widget_type=\"icon-list.default\">\n\t\t\t\t<div class=\"elementor-widget-container\">\n\t\t\t\t\t\t\t<ul class=\"elementor-icon-list-items\">\n\t\t\t\t\t\t\t<li class=\"elementor-icon-list-item\">\n\t\t\t\t\t\t\t\t\t\t\t<a href=\"http:\/\/andersenestate.com\/fr\/\">\n\n\t\t\t\t\t\t\t\t\t\t\t\t<span class=\"elementor-icon-list-icon\">\n\t\t\t\t\t\t\t<i aria-hidden=\"true\" class=\"fas fa-long-arrow-alt-left\"><\/i>\t\t\t\t\t\t<\/span>\n\t\t\t\t\t\t\t\t\t\t<span class=\"elementor-icon-list-text\">Accueil<\/span>\n\t\t\t\t\t\t\t\t\t\t\t<\/a>\n\t\t\t\t\t\t\t\t\t<\/li>\n\t\t\t\t\t\t\t\t<li class=\"elementor-icon-list-item\">\n\t\t\t\t\t\t\t\t\t\t\t<a href=\"\/fr\/vente\">\n\n\t\t\t\t\t\t\t\t\t\t\t\t<span class=\"elementor-icon-list-icon\">\n\t\t\t\t\t\t\t<i aria-hidden=\"true\" class=\"fas fa-long-arrow-alt-left\"><\/i>\t\t\t\t\t\t<\/span>\n\t\t\t\t\t\t\t\t\t\t<span class=\"elementor-icon-list-text\">Biens en vente<\/span>\n\t\t\t\t\t\t\t\t\t\t\t<\/a>\n\t\t\t\t\t\t\t\t\t<\/li>\n\t\t\t\t\t\t<\/ul>\n\t\t\t\t\t\t<\/div>\n\t\t\t\t<\/div>\n\t\t\t\t\t<\/div>\n\t\t<\/div>\n\t\t\t\t\t<\/div>\n\t\t<\/section>\n\t\t\t\t<section class=\"elementor-section elementor-top-section elementor-element elementor-element-2fba4caf elementor-section-boxed elementor-section-height-default elementor-section-height-default\" data-id=\"2fba4caf\" data-element_type=\"section\" data-e-type=\"section\">\n\t\t\t\t\t\t<div class=\"elementor-container elementor-column-gap-default\">\n\t\t\t\t\t<div class=\"elementor-column elementor-col-100 elementor-top-column elementor-element elementor-element-7d90025e\" data-id=\"7d90025e\" data-element_type=\"column\" data-e-type=\"column\">\n\t\t\t<div class=\"elementor-widget-wrap elementor-element-populated\">\n\t\t\t\t\t\t<div class=\"elementor-element elementor-element-5c36ca64 elementor-widget elementor-widget-spacer\" data-id=\"5c36ca64\" data-element_type=\"widget\" data-e-type=\"widget\" data-widget_type=\"spacer.default\">\n\t\t\t\t<div class=\"elementor-widget-container\">\n\t\t\t\t\t\t\t<div class=\"elementor-spacer\">\n\t\t\t<div class=\"elementor-spacer-inner\"><\/div>\n\t\t<\/div>\n\t\t\t\t\t\t<\/div>\n\t\t\t\t<\/div>\n\t\t\t\t\t<\/div>\n\t\t<\/div>\n\t\t\t\t\t<\/div>\n\t\t<\/section>\n\t\t\t\t<\/div>\n\t\t","protected":false},"excerpt":{"rendered":"<p>Vendre avec Andersen Estate Notre agence immobili\u00e8re est fond\u00e9e sur les principes suivants: Efficacit\u00e9 Transparence Anticipation Honoraires raisonnables Nous nous concentrons sur la vente de votre villa ou de votre appartement. Avant la visite, nous avons d\u00e9j\u00e0 \u00e9tabli un dialogue \u00e9troit avec les acheteurs potentiels. Cela garantit des visites efficaces. Votre villa ou votre appartement [&hellip;]<\/p>\n","protected":false},"author":1,"featured_media":0,"parent":0,"menu_order":0,"comment_status":"closed","ping_status":"closed","template":"elementor_header_footer","meta":{"_acf_changed":false,"footnotes":""},"class_list":["post-3300","page","type-page","status-publish","hentry"],"acf":[],"yoast_head":"<!-- This site is optimized with the Yoast SEO plugin v27.4 - https:\/\/yoast.com\/product\/yoast-seo-wordpress\/ -->\n<title>Vendre avec Andersen Estate - Andersen Estate<\/title>\n<meta name=\"robots\" content=\"index, follow, max-snippet:-1, max-image-preview:large, max-video-preview:-1\" \/>\n<link rel=\"canonical\" href=\"https:\/\/andersenestate.com\/fr\/vendre-avec-andersen-estate\/\" \/>\n<meta property=\"og:locale\" content=\"fr_FR\" \/>\n<meta property=\"og:type\" content=\"article\" \/>\n<meta property=\"og:title\" content=\"Vendre avec Andersen Estate - Andersen Estate\" \/>\n<meta property=\"og:description\" content=\"Vendre avec Andersen Estate Notre agence immobili\u00e8re est fond\u00e9e sur les principes suivants: Efficacit\u00e9 Transparence Anticipation Honoraires raisonnables Nous nous concentrons sur la vente de votre villa ou de votre appartement. Avant la visite, nous avons d\u00e9j\u00e0 \u00e9tabli un dialogue \u00e9troit avec les acheteurs potentiels. Cela garantit des visites efficaces. Votre villa ou votre appartement [&hellip;]\" \/>\n<meta property=\"og:url\" content=\"https:\/\/andersenestate.com\/fr\/vendre-avec-andersen-estate\/\" \/>\n<meta property=\"og:site_name\" content=\"Andersen Estate\" \/>\n<meta property=\"article:modified_time\" content=\"2022-01-18T12:03:52+00:00\" \/>\n<meta name=\"twitter:card\" content=\"summary_large_image\" \/>\n<meta name=\"twitter:label1\" content=\"Dur\u00e9e de lecture estim\u00e9e\" \/>\n\t<meta name=\"twitter:data1\" content=\"2 minutes\" \/>\n<script type=\"application\/ld+json\" class=\"yoast-schema-graph\">{\"@context\":\"https:\\\/\\\/schema.org\",\"@graph\":[{\"@type\":\"WebPage\",\"@id\":\"https:\\\/\\\/andersenestate.com\\\/fr\\\/vendre-avec-andersen-estate\\\/\",\"url\":\"https:\\\/\\\/andersenestate.com\\\/fr\\\/vendre-avec-andersen-estate\\\/\",\"name\":\"Vendre avec Andersen Estate - Andersen Estate\",\"isPartOf\":{\"@id\":\"https:\\\/\\\/andersenestate.com\\\/da\\\/#website\"},\"datePublished\":\"2020-04-06T10:44:21+00:00\",\"dateModified\":\"2022-01-18T12:03:52+00:00\",\"breadcrumb\":{\"@id\":\"https:\\\/\\\/andersenestate.com\\\/fr\\\/vendre-avec-andersen-estate\\\/#breadcrumb\"},\"inLanguage\":\"fr-FR\",\"potentialAction\":[{\"@type\":\"ReadAction\",\"target\":[\"https:\\\/\\\/andersenestate.com\\\/fr\\\/vendre-avec-andersen-estate\\\/\"]}]},{\"@type\":\"BreadcrumbList\",\"@id\":\"https:\\\/\\\/andersenestate.com\\\/fr\\\/vendre-avec-andersen-estate\\\/#breadcrumb\",\"itemListElement\":[{\"@type\":\"ListItem\",\"position\":1,\"name\":\"Home\",\"item\":\"https:\\\/\\\/andersenestate.com\\\/fr\\\/\"},{\"@type\":\"ListItem\",\"position\":2,\"name\":\"Vendre avec Andersen Estate\"}]},{\"@type\":\"WebSite\",\"@id\":\"https:\\\/\\\/andersenestate.com\\\/da\\\/#website\",\"url\":\"https:\\\/\\\/andersenestate.com\\\/da\\\/\",\"name\":\"Andersen Estate\",\"description\":\"\",\"publisher\":{\"@id\":\"https:\\\/\\\/andersenestate.com\\\/da\\\/#organization\"},\"potentialAction\":[{\"@type\":\"SearchAction\",\"target\":{\"@type\":\"EntryPoint\",\"urlTemplate\":\"https:\\\/\\\/andersenestate.com\\\/da\\\/?s={search_term_string}\"},\"query-input\":{\"@type\":\"PropertyValueSpecification\",\"valueRequired\":true,\"valueName\":\"search_term_string\"}}],\"inLanguage\":\"fr-FR\"},{\"@type\":\"Organization\",\"@id\":\"https:\\\/\\\/andersenestate.com\\\/da\\\/#organization\",\"name\":\"Andersen Estate\",\"url\":\"https:\\\/\\\/andersenestate.com\\\/da\\\/\",\"logo\":{\"@type\":\"ImageObject\",\"inLanguage\":\"fr-FR\",\"@id\":\"https:\\\/\\\/andersenestate.com\\\/da\\\/#\\\/schema\\\/logo\\\/image\\\/\",\"url\":\"https:\\\/\\\/andersenestate.com\\\/wp-content\\\/uploads\\\/2020\\\/04\\\/AE_logo1_blue_600.png\",\"contentUrl\":\"https:\\\/\\\/andersenestate.com\\\/wp-content\\\/uploads\\\/2020\\\/04\\\/AE_logo1_blue_600.png\",\"width\":600,\"height\":228,\"caption\":\"Andersen Estate\"},\"image\":{\"@id\":\"https:\\\/\\\/andersenestate.com\\\/da\\\/#\\\/schema\\\/logo\\\/image\\\/\"}}]}<\/script>\n<!-- \/ Yoast SEO plugin. -->","yoast_head_json":{"title":"Vendre avec Andersen Estate - Andersen Estate","robots":{"index":"index","follow":"follow","max-snippet":"max-snippet:-1","max-image-preview":"max-image-preview:large","max-video-preview":"max-video-preview:-1"},"canonical":"https:\/\/andersenestate.com\/fr\/vendre-avec-andersen-estate\/","og_locale":"fr_FR","og_type":"article","og_title":"Vendre avec Andersen Estate - Andersen Estate","og_description":"Vendre avec Andersen Estate Notre agence immobili\u00e8re est fond\u00e9e sur les principes suivants: Efficacit\u00e9 Transparence Anticipation Honoraires raisonnables Nous nous concentrons sur la vente de votre villa ou de votre appartement. Avant la visite, nous avons d\u00e9j\u00e0 \u00e9tabli un dialogue \u00e9troit avec les acheteurs potentiels. Cela garantit des visites efficaces. Votre villa ou votre appartement [&hellip;]","og_url":"https:\/\/andersenestate.com\/fr\/vendre-avec-andersen-estate\/","og_site_name":"Andersen Estate","article_modified_time":"2022-01-18T12:03:52+00:00","twitter_card":"summary_large_image","twitter_misc":{"Dur\u00e9e de lecture estim\u00e9e":"2 minutes"},"schema":{"@context":"https:\/\/schema.org","@graph":[{"@type":"WebPage","@id":"https:\/\/andersenestate.com\/fr\/vendre-avec-andersen-estate\/","url":"https:\/\/andersenestate.com\/fr\/vendre-avec-andersen-estate\/","name":"Vendre avec Andersen Estate - Andersen Estate","isPartOf":{"@id":"https:\/\/andersenestate.com\/da\/#website"},"datePublished":"2020-04-06T10:44:21+00:00","dateModified":"2022-01-18T12:03:52+00:00","breadcrumb":{"@id":"https:\/\/andersenestate.com\/fr\/vendre-avec-andersen-estate\/#breadcrumb"},"inLanguage":"fr-FR","potentialAction":[{"@type":"ReadAction","target":["https:\/\/andersenestate.com\/fr\/vendre-avec-andersen-estate\/"]}]},{"@type":"BreadcrumbList","@id":"https:\/\/andersenestate.com\/fr\/vendre-avec-andersen-estate\/#breadcrumb","itemListElement":[{"@type":"ListItem","position":1,"name":"Home","item":"https:\/\/andersenestate.com\/fr\/"},{"@type":"ListItem","position":2,"name":"Vendre avec Andersen Estate"}]},{"@type":"WebSite","@id":"https:\/\/andersenestate.com\/da\/#website","url":"https:\/\/andersenestate.com\/da\/","name":"Andersen Estate","description":"","publisher":{"@id":"https:\/\/andersenestate.com\/da\/#organization"},"potentialAction":[{"@type":"SearchAction","target":{"@type":"EntryPoint","urlTemplate":"https:\/\/andersenestate.com\/da\/?s={search_term_string}"},"query-input":{"@type":"PropertyValueSpecification","valueRequired":true,"valueName":"search_term_string"}}],"inLanguage":"fr-FR"},{"@type":"Organization","@id":"https:\/\/andersenestate.com\/da\/#organization","name":"Andersen Estate","url":"https:\/\/andersenestate.com\/da\/","logo":{"@type":"ImageObject","inLanguage":"fr-FR","@id":"https:\/\/andersenestate.com\/da\/#\/schema\/logo\/image\/","url":"https:\/\/andersenestate.com\/wp-content\/uploads\/2020\/04\/AE_logo1_blue_600.png","contentUrl":"https:\/\/andersenestate.com\/wp-content\/uploads\/2020\/04\/AE_logo1_blue_600.png","width":600,"height":228,"caption":"Andersen Estate"},"image":{"@id":"https:\/\/andersenestate.com\/da\/#\/schema\/logo\/image\/"}}]}},"_links":{"self":[{"href":"https:\/\/andersenestate.com\/fr\/wp-json\/wp\/v2\/pages\/3300","targetHints":{"allow":["GET"]}}],"collection":[{"href":"https:\/\/andersenestate.com\/fr\/wp-json\/wp\/v2\/pages"}],"about":[{"href":"https:\/\/andersenestate.com\/fr\/wp-json\/wp\/v2\/types\/page"}],"author":[{"embeddable":true,"href":"https:\/\/andersenestate.com\/fr\/wp-json\/wp\/v2\/users\/1"}],"replies":[{"embeddable":true,"href":"https:\/\/andersenestate.com\/fr\/wp-json\/wp\/v2\/comments?post=3300"}],"version-history":[{"count":0,"href":"https:\/\/andersenestate.com\/fr\/wp-json\/wp\/v2\/pages\/3300\/revisions"}],"wp:attachment":[{"href":"https:\/\/andersenestate.com\/fr\/wp-json\/wp\/v2\/media?parent=3300"}],"curies":[{"name":"wp","href":"https:\/\/api.w.org\/{rel}","templated":true}]}}