{"id":3296,"date":"2020-04-06T12:37:47","date_gmt":"2020-04-06T10:37:47","guid":{"rendered":"http:\/\/andersenestate.com\/?page_id=3296"},"modified":"2020-09-15T22:03:34","modified_gmt":"2020-09-15T20:03:34","slug":"achetez-avec-andersen-estate","status":"publish","type":"page","link":"https:\/\/andersenestate.com\/fr\/achetez-avec-andersen-estate\/","title":{"rendered":"Achetez avec Andersen Estate"},"content":{"rendered":"\t\t<div data-elementor-type=\"wp-page\" data-elementor-id=\"3296\" class=\"elementor elementor-3296 elementor-2464\" data-elementor-post-type=\"page\">\n\t\t\t\t\t\t<section class=\"elementor-section elementor-top-section elementor-element elementor-element-5bbff558 elementor-section-boxed elementor-section-height-default elementor-section-height-default\" data-id=\"5bbff558\" data-element_type=\"section\" data-e-type=\"section\">\n\t\t\t\t\t\t<div class=\"elementor-container elementor-column-gap-default\">\n\t\t\t\t\t<div class=\"elementor-column elementor-col-100 elementor-top-column elementor-element elementor-element-5e9140e1\" data-id=\"5e9140e1\" data-element_type=\"column\" data-e-type=\"column\">\n\t\t\t<div class=\"elementor-widget-wrap elementor-element-populated\">\n\t\t\t\t\t\t<div class=\"elementor-element elementor-element-2eabcb22 elementor-widget elementor-widget-spacer\" data-id=\"2eabcb22\" data-element_type=\"widget\" data-e-type=\"widget\" data-widget_type=\"spacer.default\">\n\t\t\t\t<div class=\"elementor-widget-container\">\n\t\t\t\t\t\t\t<div class=\"elementor-spacer\">\n\t\t\t<div class=\"elementor-spacer-inner\"><\/div>\n\t\t<\/div>\n\t\t\t\t\t\t<\/div>\n\t\t\t\t<\/div>\n\t\t\t\t<div class=\"elementor-element elementor-element-1adb7eda elementor-widget elementor-widget-heading\" data-id=\"1adb7eda\" data-element_type=\"widget\" data-e-type=\"widget\" data-widget_type=\"heading.default\">\n\t\t\t\t<div class=\"elementor-widget-container\">\n\t\t\t\t\t<h2 class=\"elementor-heading-title elementor-size-default\">Achetez avec Andersen Estate<\/h2>\t\t\t\t<\/div>\n\t\t\t\t<\/div>\n\t\t\t\t<div class=\"elementor-element elementor-element-656ccfc7 elementor-widget elementor-widget-text-editor\" data-id=\"656ccfc7\" data-element_type=\"widget\" data-e-type=\"widget\" data-widget_type=\"text-editor.default\">\n\t\t\t\t<div class=\"elementor-widget-container\">\n\t\t\t\t\t\t\t\t\t<p>En France, la recherche d\u2019une villa ou appartement peut sembler d\u00e9courageante. D\u2019une part, \u00e0<br \/>cause du grand nombre de biens immobiliers propos\u00e9s \u00e0 la vente. Ce sont en fait souvent les<br \/>m\u00eames, pr\u00e9sent\u00e9s par plusieurs agences immobili\u00e8res, avec des prix diff\u00e9rents, d\u2019autres<br \/>informations, etc.<br \/>Mais la complexit\u00e9 de la recherche vient aussi de l&rsquo;absence totale d&rsquo;informations compl\u00e8tes et<br \/>d\u00e9taill\u00e9es sur chaque bien immobilier.<\/p><p>Les biens immobiliers que nous avons en vente ne sont en vente qu&rsquo;avec nous et vous ne les<br \/>trouverez nulle part ailleurs.<\/p><p>Avant de visiter, vous pouvez consulter ou demander toutes les informations ou documents<br \/>compl\u00e9mentaires sur chaque bien pr\u00e9sent\u00e9e sur notre site web. Cela vous fera gagner du temps et<br \/>vous \u00e9vitera frustration et d\u00e9ception.<\/p><p>La r\u00e9daction du compromis de vente commencera, d\u00e8s que vous aurez trouv\u00e9 votre nouvelle villa<br \/>ou votre appartement.<br \/>Vous et votre famille pourrez ensuite emm\u00e9nager et vous installer sans attente inutile.<\/p><p>Dans le dialogue initial avec vous, vos souhaits et besoins sont clairement d\u00e9finis. Non pas parce<br \/>que nous sommes curieux, mais parce que nous voulons vous donner les meilleurs conseils.<br \/>Nous avons une connaissance approfondie des propri\u00e9t\u00e9s en vente chez nous et voulons que les<br \/>visites soient aussi enrichissantes que possible pour vous.<br \/>Vous \u00e9vitez ainsi le temps perdu dans le processus de recherche.<\/p><p>Vous serez avertis si nous n&rsquo;avons pas la villa ou l\u2019appartement adapt\u00e9s \u00e0 vos besoins et souhaits.<br \/>D\u00e8s que nous aurons trouv\u00e9 le bien qui vous convient, vous serez contact\u00e9s.<\/p><p>Une fois que vous aurez achet\u00e9 votre villa ou votre appartement, nous vous aiderons bien s\u00fbr dans vos d\u00e9marches administratives : les abonnements divers (internet, t\u00e9l\u00e9phone\u2026), les assurances, les relations avec les services fiscaux, le syndic, etc.<\/p><p>Que voulez-vous pour votre future villa ou appartement?<\/p>\t\t\t\t\t\t\t\t<\/div>\n\t\t\t\t<\/div>\n\t\t\t\t\t<\/div>\n\t\t<\/div>\n\t\t\t\t\t<\/div>\n\t\t<\/section>\n\t\t\t\t<section class=\"elementor-section elementor-top-section elementor-element elementor-element-43eb28a elementor-section-boxed elementor-section-height-default elementor-section-height-default\" data-id=\"43eb28a\" data-element_type=\"section\" data-e-type=\"section\">\n\t\t\t\t\t\t<div class=\"elementor-container elementor-column-gap-default\">\n\t\t\t\t\t<div class=\"elementor-column elementor-col-100 elementor-top-column elementor-element elementor-element-7c8c18a7\" data-id=\"7c8c18a7\" data-element_type=\"column\" data-e-type=\"column\">\n\t\t\t<div class=\"elementor-widget-wrap elementor-element-populated\">\n\t\t\t\t\t\t<div class=\"elementor-element elementor-element-26a0cec0 elementor-icon-list--layout-traditional elementor-list-item-link-full_width elementor-widget elementor-widget-icon-list\" data-id=\"26a0cec0\" data-element_type=\"widget\" data-e-type=\"widget\" data-widget_type=\"icon-list.default\">\n\t\t\t\t<div class=\"elementor-widget-container\">\n\t\t\t\t\t\t\t<ul class=\"elementor-icon-list-items\">\n\t\t\t\t\t\t\t<li class=\"elementor-icon-list-item\">\n\t\t\t\t\t\t\t\t\t\t\t<a href=\"tel:0033(0)686691689\">\n\n\t\t\t\t\t\t\t\t\t\t\t\t<span class=\"elementor-icon-list-icon\">\n\t\t\t\t\t\t\t<i aria-hidden=\"true\" class=\"fas fa-mobile-alt\"><\/i>\t\t\t\t\t\t<\/span>\n\t\t\t\t\t\t\t\t\t\t<span class=\"elementor-icon-list-text\">0033 (0)6 86 69 16 89<\/span>\n\t\t\t\t\t\t\t\t\t\t\t<\/a>\n\t\t\t\t\t\t\t\t\t<\/li>\n\t\t\t\t\t\t\t\t<li class=\"elementor-icon-list-item\">\n\t\t\t\t\t\t\t\t\t\t\t<a href=\"mailto:morten@andersenestate.com%20\">\n\n\t\t\t\t\t\t\t\t\t\t\t\t<span class=\"elementor-icon-list-icon\">\n\t\t\t\t\t\t\t<i aria-hidden=\"true\" class=\"fas fa-envelope\"><\/i>\t\t\t\t\t\t<\/span>\n\t\t\t\t\t\t\t\t\t\t<span class=\"elementor-icon-list-text\">morten@andersenestate.com<\/span>\n\t\t\t\t\t\t\t\t\t\t\t<\/a>\n\t\t\t\t\t\t\t\t\t<\/li>\n\t\t\t\t\t\t<\/ul>\n\t\t\t\t\t\t<\/div>\n\t\t\t\t<\/div>\n\t\t\t\t\t<\/div>\n\t\t<\/div>\n\t\t\t\t\t<\/div>\n\t\t<\/section>\n\t\t\t\t<section class=\"elementor-section elementor-top-section elementor-element elementor-element-7515f484 elementor-section-boxed elementor-section-height-default elementor-section-height-default\" data-id=\"7515f484\" data-element_type=\"section\" data-e-type=\"section\">\n\t\t\t\t\t\t<div class=\"elementor-container elementor-column-gap-default\">\n\t\t\t\t\t<div class=\"elementor-column elementor-col-100 elementor-top-column elementor-element elementor-element-6a2258f7\" data-id=\"6a2258f7\" data-element_type=\"column\" data-e-type=\"column\">\n\t\t\t<div class=\"elementor-widget-wrap elementor-element-populated\">\n\t\t\t\t\t\t<div class=\"elementor-element elementor-element-3629a89d elementor-widget elementor-widget-spacer\" data-id=\"3629a89d\" data-element_type=\"widget\" data-e-type=\"widget\" data-widget_type=\"spacer.default\">\n\t\t\t\t<div class=\"elementor-widget-container\">\n\t\t\t\t\t\t\t<div class=\"elementor-spacer\">\n\t\t\t<div class=\"elementor-spacer-inner\"><\/div>\n\t\t<\/div>\n\t\t\t\t\t\t<\/div>\n\t\t\t\t<\/div>\n\t\t\t\t\t<\/div>\n\t\t<\/div>\n\t\t\t\t\t<\/div>\n\t\t<\/section>\n\t\t\t\t<section class=\"elementor-section elementor-top-section elementor-element elementor-element-15c25421 elementor-section-boxed elementor-section-height-default elementor-section-height-default\" data-id=\"15c25421\" data-element_type=\"section\" data-e-type=\"section\">\n\t\t\t\t\t\t<div class=\"elementor-container elementor-column-gap-default\">\n\t\t\t\t\t<div class=\"elementor-column elementor-col-100 elementor-top-column elementor-element elementor-element-66a2125e\" data-id=\"66a2125e\" data-element_type=\"column\" data-e-type=\"column\">\n\t\t\t<div class=\"elementor-widget-wrap elementor-element-populated\">\n\t\t\t\t\t\t<div class=\"elementor-element elementor-element-33cbb382 elementor-widget elementor-widget-spacer\" data-id=\"33cbb382\" data-element_type=\"widget\" data-e-type=\"widget\" data-widget_type=\"spacer.default\">\n\t\t\t\t<div class=\"elementor-widget-container\">\n\t\t\t\t\t\t\t<div class=\"elementor-spacer\">\n\t\t\t<div class=\"elementor-spacer-inner\"><\/div>\n\t\t<\/div>\n\t\t\t\t\t\t<\/div>\n\t\t\t\t<\/div>\n\t\t\t\t\t<\/div>\n\t\t<\/div>\n\t\t\t\t\t<\/div>\n\t\t<\/section>\n\t\t\t\t<section class=\"elementor-section elementor-top-section elementor-element elementor-element-2fcd350a elementor-section-boxed elementor-section-height-default elementor-section-height-default\" data-id=\"2fcd350a\" data-element_type=\"section\" data-e-type=\"section\">\n\t\t\t\t\t\t<div class=\"elementor-container elementor-column-gap-default\">\n\t\t\t\t\t<div class=\"elementor-column elementor-col-100 elementor-top-column elementor-element elementor-element-308976fb\" data-id=\"308976fb\" data-element_type=\"column\" data-e-type=\"column\">\n\t\t\t<div class=\"elementor-widget-wrap elementor-element-populated\">\n\t\t\t\t\t\t<div class=\"elementor-element elementor-element-3cf57c9 elementor-icon-list--layout-traditional elementor-list-item-link-full_width elementor-widget elementor-widget-icon-list\" data-id=\"3cf57c9\" data-element_type=\"widget\" data-e-type=\"widget\" data-widget_type=\"icon-list.default\">\n\t\t\t\t<div class=\"elementor-widget-container\">\n\t\t\t\t\t\t\t<ul class=\"elementor-icon-list-items\">\n\t\t\t\t\t\t\t<li class=\"elementor-icon-list-item\">\n\t\t\t\t\t\t\t\t\t\t\t<a href=\"http:\/\/andersenestate.com\/fr\/\">\n\n\t\t\t\t\t\t\t\t\t\t\t\t<span class=\"elementor-icon-list-icon\">\n\t\t\t\t\t\t\t<i aria-hidden=\"true\" class=\"fas fa-long-arrow-alt-left\"><\/i>\t\t\t\t\t\t<\/span>\n\t\t\t\t\t\t\t\t\t\t<span class=\"elementor-icon-list-text\">Accueil<\/span>\n\t\t\t\t\t\t\t\t\t\t\t<\/a>\n\t\t\t\t\t\t\t\t\t<\/li>\n\t\t\t\t\t\t\t\t<li class=\"elementor-icon-list-item\">\n\t\t\t\t\t\t\t\t\t\t\t<a href=\"\/fr\/vente\">\n\n\t\t\t\t\t\t\t\t\t\t\t\t<span class=\"elementor-icon-list-icon\">\n\t\t\t\t\t\t\t<i aria-hidden=\"true\" class=\"fas fa-long-arrow-alt-left\"><\/i>\t\t\t\t\t\t<\/span>\n\t\t\t\t\t\t\t\t\t\t<span class=\"elementor-icon-list-text\">Biens en vente<\/span>\n\t\t\t\t\t\t\t\t\t\t\t<\/a>\n\t\t\t\t\t\t\t\t\t<\/li>\n\t\t\t\t\t\t<\/ul>\n\t\t\t\t\t\t<\/div>\n\t\t\t\t<\/div>\n\t\t\t\t\t<\/div>\n\t\t<\/div>\n\t\t\t\t\t<\/div>\n\t\t<\/section>\n\t\t\t\t<section class=\"elementor-section elementor-top-section elementor-element elementor-element-4c2cd55 elementor-section-boxed elementor-section-height-default elementor-section-height-default\" data-id=\"4c2cd55\" data-element_type=\"section\" data-e-type=\"section\">\n\t\t\t\t\t\t<div class=\"elementor-container elementor-column-gap-default\">\n\t\t\t\t\t<div class=\"elementor-column elementor-col-100 elementor-top-column elementor-element elementor-element-3007cfc7\" data-id=\"3007cfc7\" data-element_type=\"column\" data-e-type=\"column\">\n\t\t\t<div class=\"elementor-widget-wrap elementor-element-populated\">\n\t\t\t\t\t\t<div class=\"elementor-element elementor-element-47f6cc88 elementor-widget elementor-widget-spacer\" data-id=\"47f6cc88\" data-element_type=\"widget\" data-e-type=\"widget\" data-widget_type=\"spacer.default\">\n\t\t\t\t<div class=\"elementor-widget-container\">\n\t\t\t\t\t\t\t<div class=\"elementor-spacer\">\n\t\t\t<div class=\"elementor-spacer-inner\"><\/div>\n\t\t<\/div>\n\t\t\t\t\t\t<\/div>\n\t\t\t\t<\/div>\n\t\t\t\t\t<\/div>\n\t\t<\/div>\n\t\t\t\t\t<\/div>\n\t\t<\/section>\n\t\t\t\t<\/div>\n\t\t","protected":false},"excerpt":{"rendered":"<p>Achetez avec Andersen Estate En France, la recherche d\u2019une villa ou appartement peut sembler d\u00e9courageante. D\u2019une part, \u00e0cause du grand nombre de biens immobiliers propos\u00e9s \u00e0 la vente. Ce sont en fait souvent lesm\u00eames, pr\u00e9sent\u00e9s par plusieurs agences immobili\u00e8res, avec des prix diff\u00e9rents, d\u2019autresinformations, etc.Mais la complexit\u00e9 de la recherche vient aussi de l&rsquo;absence totale [&hellip;]<\/p>\n","protected":false},"author":1,"featured_media":0,"parent":0,"menu_order":0,"comment_status":"closed","ping_status":"closed","template":"elementor_header_footer","meta":{"_acf_changed":false,"footnotes":""},"class_list":["post-3296","page","type-page","status-publish","hentry"],"acf":[],"yoast_head":"<!-- This site is optimized with the Yoast SEO plugin v27.4 - https:\/\/yoast.com\/product\/yoast-seo-wordpress\/ -->\n<title>Achetez avec Andersen Estate - Andersen Estate<\/title>\n<meta name=\"robots\" content=\"index, follow, max-snippet:-1, max-image-preview:large, max-video-preview:-1\" \/>\n<link rel=\"canonical\" href=\"https:\/\/andersenestate.com\/fr\/achetez-avec-andersen-estate\/\" \/>\n<meta property=\"og:locale\" content=\"fr_FR\" \/>\n<meta property=\"og:type\" content=\"article\" \/>\n<meta property=\"og:title\" content=\"Achetez avec Andersen Estate - Andersen Estate\" \/>\n<meta property=\"og:description\" content=\"Achetez avec Andersen Estate En France, la recherche d\u2019une villa ou appartement peut sembler d\u00e9courageante. D\u2019une part, \u00e0cause du grand nombre de biens immobiliers propos\u00e9s \u00e0 la vente. Ce sont en fait souvent lesm\u00eames, pr\u00e9sent\u00e9s par plusieurs agences immobili\u00e8res, avec des prix diff\u00e9rents, d\u2019autresinformations, etc.Mais la complexit\u00e9 de la recherche vient aussi de l&rsquo;absence totale [&hellip;]\" \/>\n<meta property=\"og:url\" content=\"https:\/\/andersenestate.com\/fr\/achetez-avec-andersen-estate\/\" \/>\n<meta property=\"og:site_name\" content=\"Andersen Estate\" \/>\n<meta property=\"article:modified_time\" content=\"2020-09-15T20:03:34+00:00\" \/>\n<meta name=\"twitter:card\" content=\"summary_large_image\" \/>\n<meta name=\"twitter:label1\" content=\"Dur\u00e9e de lecture estim\u00e9e\" \/>\n\t<meta name=\"twitter:data1\" content=\"2 minutes\" \/>\n<script type=\"application\/ld+json\" class=\"yoast-schema-graph\">{\"@context\":\"https:\\\/\\\/schema.org\",\"@graph\":[{\"@type\":\"WebPage\",\"@id\":\"https:\\\/\\\/andersenestate.com\\\/fr\\\/achetez-avec-andersen-estate\\\/\",\"url\":\"https:\\\/\\\/andersenestate.com\\\/fr\\\/achetez-avec-andersen-estate\\\/\",\"name\":\"Achetez avec Andersen Estate - Andersen Estate\",\"isPartOf\":{\"@id\":\"https:\\\/\\\/andersenestate.com\\\/da\\\/#website\"},\"datePublished\":\"2020-04-06T10:37:47+00:00\",\"dateModified\":\"2020-09-15T20:03:34+00:00\",\"breadcrumb\":{\"@id\":\"https:\\\/\\\/andersenestate.com\\\/fr\\\/achetez-avec-andersen-estate\\\/#breadcrumb\"},\"inLanguage\":\"fr-FR\",\"potentialAction\":[{\"@type\":\"ReadAction\",\"target\":[\"https:\\\/\\\/andersenestate.com\\\/fr\\\/achetez-avec-andersen-estate\\\/\"]}]},{\"@type\":\"BreadcrumbList\",\"@id\":\"https:\\\/\\\/andersenestate.com\\\/fr\\\/achetez-avec-andersen-estate\\\/#breadcrumb\",\"itemListElement\":[{\"@type\":\"ListItem\",\"position\":1,\"name\":\"Home\",\"item\":\"https:\\\/\\\/andersenestate.com\\\/fr\\\/\"},{\"@type\":\"ListItem\",\"position\":2,\"name\":\"Achetez avec Andersen Estate\"}]},{\"@type\":\"WebSite\",\"@id\":\"https:\\\/\\\/andersenestate.com\\\/da\\\/#website\",\"url\":\"https:\\\/\\\/andersenestate.com\\\/da\\\/\",\"name\":\"Andersen Estate\",\"description\":\"\",\"publisher\":{\"@id\":\"https:\\\/\\\/andersenestate.com\\\/da\\\/#organization\"},\"potentialAction\":[{\"@type\":\"SearchAction\",\"target\":{\"@type\":\"EntryPoint\",\"urlTemplate\":\"https:\\\/\\\/andersenestate.com\\\/da\\\/?s={search_term_string}\"},\"query-input\":{\"@type\":\"PropertyValueSpecification\",\"valueRequired\":true,\"valueName\":\"search_term_string\"}}],\"inLanguage\":\"fr-FR\"},{\"@type\":\"Organization\",\"@id\":\"https:\\\/\\\/andersenestate.com\\\/da\\\/#organization\",\"name\":\"Andersen Estate\",\"url\":\"https:\\\/\\\/andersenestate.com\\\/da\\\/\",\"logo\":{\"@type\":\"ImageObject\",\"inLanguage\":\"fr-FR\",\"@id\":\"https:\\\/\\\/andersenestate.com\\\/da\\\/#\\\/schema\\\/logo\\\/image\\\/\",\"url\":\"https:\\\/\\\/andersenestate.com\\\/wp-content\\\/uploads\\\/2020\\\/04\\\/AE_logo1_blue_600.png\",\"contentUrl\":\"https:\\\/\\\/andersenestate.com\\\/wp-content\\\/uploads\\\/2020\\\/04\\\/AE_logo1_blue_600.png\",\"width\":600,\"height\":228,\"caption\":\"Andersen Estate\"},\"image\":{\"@id\":\"https:\\\/\\\/andersenestate.com\\\/da\\\/#\\\/schema\\\/logo\\\/image\\\/\"}}]}<\/script>\n<!-- \/ Yoast SEO plugin. -->","yoast_head_json":{"title":"Achetez avec Andersen Estate - Andersen Estate","robots":{"index":"index","follow":"follow","max-snippet":"max-snippet:-1","max-image-preview":"max-image-preview:large","max-video-preview":"max-video-preview:-1"},"canonical":"https:\/\/andersenestate.com\/fr\/achetez-avec-andersen-estate\/","og_locale":"fr_FR","og_type":"article","og_title":"Achetez avec Andersen Estate - Andersen Estate","og_description":"Achetez avec Andersen Estate En France, la recherche d\u2019une villa ou appartement peut sembler d\u00e9courageante. D\u2019une part, \u00e0cause du grand nombre de biens immobiliers propos\u00e9s \u00e0 la vente. Ce sont en fait souvent lesm\u00eames, pr\u00e9sent\u00e9s par plusieurs agences immobili\u00e8res, avec des prix diff\u00e9rents, d\u2019autresinformations, etc.Mais la complexit\u00e9 de la recherche vient aussi de l&rsquo;absence totale [&hellip;]","og_url":"https:\/\/andersenestate.com\/fr\/achetez-avec-andersen-estate\/","og_site_name":"Andersen Estate","article_modified_time":"2020-09-15T20:03:34+00:00","twitter_card":"summary_large_image","twitter_misc":{"Dur\u00e9e de lecture estim\u00e9e":"2 minutes"},"schema":{"@context":"https:\/\/schema.org","@graph":[{"@type":"WebPage","@id":"https:\/\/andersenestate.com\/fr\/achetez-avec-andersen-estate\/","url":"https:\/\/andersenestate.com\/fr\/achetez-avec-andersen-estate\/","name":"Achetez avec Andersen Estate - Andersen Estate","isPartOf":{"@id":"https:\/\/andersenestate.com\/da\/#website"},"datePublished":"2020-04-06T10:37:47+00:00","dateModified":"2020-09-15T20:03:34+00:00","breadcrumb":{"@id":"https:\/\/andersenestate.com\/fr\/achetez-avec-andersen-estate\/#breadcrumb"},"inLanguage":"fr-FR","potentialAction":[{"@type":"ReadAction","target":["https:\/\/andersenestate.com\/fr\/achetez-avec-andersen-estate\/"]}]},{"@type":"BreadcrumbList","@id":"https:\/\/andersenestate.com\/fr\/achetez-avec-andersen-estate\/#breadcrumb","itemListElement":[{"@type":"ListItem","position":1,"name":"Home","item":"https:\/\/andersenestate.com\/fr\/"},{"@type":"ListItem","position":2,"name":"Achetez avec Andersen Estate"}]},{"@type":"WebSite","@id":"https:\/\/andersenestate.com\/da\/#website","url":"https:\/\/andersenestate.com\/da\/","name":"Andersen Estate","description":"","publisher":{"@id":"https:\/\/andersenestate.com\/da\/#organization"},"potentialAction":[{"@type":"SearchAction","target":{"@type":"EntryPoint","urlTemplate":"https:\/\/andersenestate.com\/da\/?s={search_term_string}"},"query-input":{"@type":"PropertyValueSpecification","valueRequired":true,"valueName":"search_term_string"}}],"inLanguage":"fr-FR"},{"@type":"Organization","@id":"https:\/\/andersenestate.com\/da\/#organization","name":"Andersen Estate","url":"https:\/\/andersenestate.com\/da\/","logo":{"@type":"ImageObject","inLanguage":"fr-FR","@id":"https:\/\/andersenestate.com\/da\/#\/schema\/logo\/image\/","url":"https:\/\/andersenestate.com\/wp-content\/uploads\/2020\/04\/AE_logo1_blue_600.png","contentUrl":"https:\/\/andersenestate.com\/wp-content\/uploads\/2020\/04\/AE_logo1_blue_600.png","width":600,"height":228,"caption":"Andersen Estate"},"image":{"@id":"https:\/\/andersenestate.com\/da\/#\/schema\/logo\/image\/"}}]}},"_links":{"self":[{"href":"https:\/\/andersenestate.com\/fr\/wp-json\/wp\/v2\/pages\/3296","targetHints":{"allow":["GET"]}}],"collection":[{"href":"https:\/\/andersenestate.com\/fr\/wp-json\/wp\/v2\/pages"}],"about":[{"href":"https:\/\/andersenestate.com\/fr\/wp-json\/wp\/v2\/types\/page"}],"author":[{"embeddable":true,"href":"https:\/\/andersenestate.com\/fr\/wp-json\/wp\/v2\/users\/1"}],"replies":[{"embeddable":true,"href":"https:\/\/andersenestate.com\/fr\/wp-json\/wp\/v2\/comments?post=3296"}],"version-history":[{"count":0,"href":"https:\/\/andersenestate.com\/fr\/wp-json\/wp\/v2\/pages\/3296\/revisions"}],"wp:attachment":[{"href":"https:\/\/andersenestate.com\/fr\/wp-json\/wp\/v2\/media?parent=3296"}],"curies":[{"name":"wp","href":"https:\/\/api.w.org\/{rel}","templated":true}]}}