{"id":3522,"date":"2020-04-10T20:05:04","date_gmt":"2020-04-10T18:05:04","guid":{"rendered":"http:\/\/andersenestate.com\/?page_id=3522"},"modified":"2021-07-13T12:27:20","modified_gmt":"2021-07-13T10:27:20","slug":"cookie-politik","status":"publish","type":"page","link":"https:\/\/andersenestate.com\/da\/cookie-politik\/","title":{"rendered":"Cookie politik"},"content":{"rendered":"\t\t<div data-elementor-type=\"wp-page\" data-elementor-id=\"3522\" class=\"elementor elementor-3522\" data-elementor-post-type=\"page\">\n\t\t\t\t\t\t<section class=\"elementor-section elementor-top-section elementor-element elementor-element-57e9bc54 elementor-section-boxed elementor-section-height-default elementor-section-height-default\" data-id=\"57e9bc54\" data-element_type=\"section\" data-e-type=\"section\">\n\t\t\t\t\t\t<div class=\"elementor-container elementor-column-gap-default\">\n\t\t\t\t\t<div class=\"elementor-column elementor-col-100 elementor-top-column elementor-element elementor-element-78e11de7\" data-id=\"78e11de7\" data-element_type=\"column\" data-e-type=\"column\">\n\t\t\t<div class=\"elementor-widget-wrap elementor-element-populated\">\n\t\t\t\t\t\t<div class=\"elementor-element elementor-element-61bf9713 elementor-widget elementor-widget-spacer\" data-id=\"61bf9713\" data-element_type=\"widget\" data-e-type=\"widget\" data-widget_type=\"spacer.default\">\n\t\t\t\t<div class=\"elementor-widget-container\">\n\t\t\t\t\t\t\t<div class=\"elementor-spacer\">\n\t\t\t<div class=\"elementor-spacer-inner\"><\/div>\n\t\t<\/div>\n\t\t\t\t\t\t<\/div>\n\t\t\t\t<\/div>\n\t\t\t\t<div class=\"elementor-element elementor-element-6be530d0 elementor-widget elementor-widget-heading\" data-id=\"6be530d0\" data-element_type=\"widget\" data-e-type=\"widget\" data-widget_type=\"heading.default\">\n\t\t\t\t<div class=\"elementor-widget-container\">\n\t\t\t\t\t<h2 class=\"elementor-heading-title elementor-size-default\">POLITIQUE DE COOKIES<\/h2>\t\t\t\t<\/div>\n\t\t\t\t<\/div>\n\t\t\t\t\t<\/div>\n\t\t<\/div>\n\t\t\t\t\t<\/div>\n\t\t<\/section>\n\t\t\t\t<section class=\"elementor-section elementor-top-section elementor-element elementor-element-3391f090 elementor-section-boxed elementor-section-height-default elementor-section-height-default\" data-id=\"3391f090\" data-element_type=\"section\" data-e-type=\"section\">\n\t\t\t\t\t\t<div class=\"elementor-container elementor-column-gap-default\">\n\t\t\t\t\t<div class=\"elementor-column elementor-col-100 elementor-top-column elementor-element elementor-element-56cf461e\" data-id=\"56cf461e\" data-element_type=\"column\" data-e-type=\"column\">\n\t\t\t<div class=\"elementor-widget-wrap elementor-element-populated\">\n\t\t\t\t\t\t<div class=\"elementor-element elementor-element-6d5d6f33 elementor-widget elementor-widget-text-editor\" data-id=\"6d5d6f33\" data-element_type=\"widget\" data-e-type=\"widget\" data-widget_type=\"text-editor.default\">\n\t\t\t\t<div class=\"elementor-widget-container\">\n\t\t\t\t\t\t\t\t\t<p><strong>1. L\u2019utilisation de cookies<br \/><\/strong>Notre site internet www.andersenestate.com utilise des cookies. Un cookie est un petit fichier qui est envoy\u00e9 avec les pages de ce site Web et\/ou les applications Flash et qui est stock\u00e9 par votre navigateur sur votre disque dur \u00e0 partir de votre ordinateur, t\u00e9l\u00e9phone portable, montre connect\u00e9e ou tablette. Les informations qui y sont stock\u00e9es peuvent \u00eatre retourn\u00e9es \u00e0 nos serveurs lors d\u2019une visite ult\u00e9rieure.<\/p><p>L\u2019utilisation de cookies est d\u2019une grande importance pour le bon fonctionnement de notre site web. Gr\u00e2ce \u00e0 la contribution (anonyme) des visiteurs, nous pouvons am\u00e9liorer l\u2019utilisation du site internet et le rendre plus convivial.<\/p><p><strong>2. Consentement<\/strong> <br \/>Votre consentement est requis pour l\u2019utilisation de certains cookies. Nous le recueillons au moyen d\u2019une banni\u00e8re informative.<\/p><p><strong>3. Le type de cookies utilis\u00e9s et leurs objectifs<\/strong><br \/>Nous utilisons les cookies suivants:<\/p><p>&#8211; Cookies fonctionnels: ils nous permettent d\u2019am\u00e9liorer le fonctionnement du site internet et de le rendre plus convivial pour le visiteur. Par exemple, nous stockons vos donn\u00e9es de connexion.<br \/>&#8211; Cookies de mesure d\u2019audience : ils garantissent qu\u2019un cookie anonyme est g\u00e9n\u00e9r\u00e9 \u00e0 chaque fois que vous visitez un site internet. Ces cookies permettent de savoir si vous avez d\u00e9j\u00e0 visit\u00e9 le site auparavant ou non. Ce n\u2019est que lors de la premi\u00e8re visite qu\u2019un cookie est cr\u00e9\u00e9. Lors des visites suivantes, l\u2019utilisation du cookie d\u00e9j\u00e0 existant est automatique.<br \/>Ce cookie n\u2019est utilis\u00e9 qu\u2019\u00e0 des fins statistiques. De cette fa\u00e7on, les donn\u00e9es suivantes peuvent \u00eatre collect\u00e9es:<\/p><p>\u2022 Le nombre de visiteurs uniques<br \/>\u2022 La fr\u00e9quence \u00e0 laquelle les utilisateurs visitent le site<br \/>\u2022 Quelles pages les visiteurs consultent<br \/>\u2022 Combien de temps les utilisateurs consultent une page particuli\u00e8re <br \/>\u2022 La page \u00e0 partir de laquelle les visiteurs quittent le site<\/p><p>&#8211; Cookies de suivi : ils permettent d\u2019analyser votre navigation, vos habitudes de consultation ou de consommation sur les sites du r\u00e9seau, dans le but de vous proposer des publicit\u00e9s cibl\u00e9es ou des services personnalis\u00e9s.\u00a0\u00a0Le profil qui est \u00e9tabli en fonction de ces donn\u00e9es n\u2019est pas li\u00e9 \u00e0 votre nom, adresse, adresse mail, etc., mais sert uniquement \u00e0 faire correspondre les publicit\u00e9s \u00e0 votre profil, afin qu\u2019elles soient aussi pertinentes que possible pour vous. Nous recueillons votre consentement pour ces cookies. Ils ne seront pas install\u00e9s sans votre consentement.<br \/>&#8211; Cookies des tiers : ils permettent de suivre les pages que vous visitez sur Internet afin de cr\u00e9er votre profil personnel.<br \/>Ce profil n\u2019est pas li\u00e9 \u00e0 votre nom, adresse, adresse mail etc., comme indiqu\u00e9 plus haut, mais sert uniquement \u00e0 vous identifier comme un visiteur unique et \u00e0 adapter les annonces publicitaires \u00e0 votre profil afin qu\u2019elles soient aussi pertinentes que possible pour vous. Nous recueillons votre consentement pour ces cookies. Ces cookies ne seront pas install\u00e9s sans votre consentement.<br \/>&#8211; Cookies li\u00e9s aux r\u00e9seaux sociaux : ils permettent aux r\u00e9seaux sociaux d\u2019enregistrer les articles et les pages que vous partagez via leurs boutons de partage. Ils peuvent \u00e9galement contenir des cookies de suivi qui tracent votre comportement de navigation sur internet.\u00a0 \u00a0 \u00a0 <br \/>&#8211; Cookies d\u2019am\u00e9lioration du site : ils permettent de tester diff\u00e9rentes versions d\u2019une page internet afin de savoir quelle page est mieux utilis\u00e9e.\u00a0<\/p><p><strong>3 bis. Liste des cookies utilis\u00e9s<\/strong><\/p><p>Cookies Google :\u00a0<\/p><p>\u2022 Google analytics : permet de mesurer l\u2019audience du site.<br \/>\u2022 Google tag manager : facilite l\u2019impl\u00e9mentation des tags sur les pages et permet de g\u00e9rer les balises Google.\u00a0<br \/>\u2022 Google Adsense : r\u00e9gie publicitaire de Google utilisant les sites web ou les vid\u00e9os YouTube comme support pour ses annonces.\u00a0<br \/>\u2022 Google Dynamic Remarketing : permet de vous proposer de la publicit\u00e9 dynamique en fonction des pr\u00e9c\u00e9dentes recherches.\u00a0<br \/>\u2022 Google Adwords Conversion : outil de suivi des campagnes publicitaires adwords.\u00a0<br \/>\u2022 DoubleClick : cookies publicitaires de Google pour diffuser des banni\u00e8res.<\/p><p>Cookies Facebook :\u00a0<\/p><p>\u2022 Facebook connect : permet de s\u2019identifier \u00e0 l\u2019aide de son compte Facebook.<br \/>\u2022 Facebook social plugins : permet de liker, partager, commenter du contenu avec un compte Facebook.<br \/>\u2022 Facebook Custom Audience : permet d\u2019int\u00e9rargir avec l\u2019audience sur Facebook.<\/p><p>Cookies Twitter :<\/p><p>\u2022 Twitter button : permet de partager facilement et afficher le contenu de Twitter.\u00a0<br \/>\u2022 Twitter advertising : permet d\u2019afficher et de cibler des publicit\u00e9s par la r\u00e9gie publicitaire de Twitter.<\/p><p><strong>4. Vos droits \u00e0 l\u2019\u00e9gard de vos donn\u00e9es personnelles<\/strong><\/p><p>Vous disposez d\u2019un droit d\u2019acc\u00e8s, de rectification, de limitation et de suppression de vos donn\u00e9es personnelles. En outre, vous avez le droit de vous opposer au traitement des donn\u00e9es personnelles et le droit \u00e0 la transf\u00e9rabilit\u00e9 de vos<\/p><p>donn\u00e9es. Vous pouvez exercer ces droits en nous envoyant un mail \u00e0 l\u2019adresse suivante info@andersenestate.com.<\/p><p>Afin de pr\u00e9venir les abus, nous pouvons vous demander de vous identifier sur notre site. Lorsqu\u2019il s\u2019agit d\u2019acc\u00e9der \u00e0 des donn\u00e9es personnelles li\u00e9es \u00e0 un cookie, nous vous demandons de nous envoyer une copie du cookie en question.<\/p><p>Vous pouvez les trouver dans les param\u00e8tres de votre navigateur.<\/p><p><strong>5. Blocage et suppression des cookies<\/strong><\/p><p>Vous pouvez facilement bloquer et supprimer vous-m\u00eame les cookies \u00e0 tout moment par\u00a0votre navigateur Internet.<\/p><p>Vous pouvez \u00e9galement configurer votre navigateur Internet de mani\u00e8re \u00e0 recevoir un message lorsqu\u2019un cookie est install\u00e9. Vous pouvez \u00e9galement indiquer que certains cookies ne peuvent pas \u00eatre install\u00e9s. Pour cela, veuillez consultez la fonction d\u2019aide de votre navigateur. Si vous supprimez les cookies de votre navigateur, cela peut avoir des cons\u00e9quences sur l\u2019utilisation de notre site internet.<\/p><p>Certains cookies de suivi sont install\u00e9s par des tiers qui vous affichent des publicit\u00e9s via notre site Web. Vous pouvez supprimer ces cookies de mani\u00e8re centralis\u00e9e via www.youronlinechoices.eu.<\/p><p>Veuillez noter que si vous ne voulez pas de cookies, nous ne serons plus en mesure de garantir le bon fonctionnement de notre site Web. Certaines caract\u00e9ristiques du site peuvent \u00eatre alt\u00e9r\u00e9es et dans certains cas, vous ne pourrez plus acc\u00e9der au site. De plus, le refus des cookies ne signifie pas que vous ne verrez aucune publicit\u00e9. Les annonces ne sont plus adapt\u00e9es \u00e0 vos centres d\u2019int\u00e9r\u00eat et peuvent donc appara\u00eetre\u00a0plus souvent.<\/p><p>Les \u00e9tapes \u00e0 suivre pour ajuster vos param\u00e8tres varient d\u2019un navigateur \u00e0 un autre. Si n\u00e9cessaire, consultez la fonction d\u2019aide de votre navigateur, ou rendez-vous sur l\u2019un des liens ci-dessous pour acc\u00e9der directement au manuel de votre navigateur.<\/p><p>Firefox : https:\/\/support.mozilla.org\/fr\/kb\/effacer-les-cookies-pour-supprimer-les-information<\/p><p>Google Chrome : https:\/\/support.google.com\/chrome\/answer\/95647?co=GENIE.Platform=Desktop&amp;hl=fr<\/p><p>Internet Explorer : https:\/\/support.microsoft.com\/fr-fr\/help\/278835\/how-to-delete-cookie-files-in-internet-explorer<\/p><p>Safari : https:\/\/support.apple.com\/kb\/ph21411?locale=fr_FR<\/p><p><strong>6. Nouveaux d\u00e9veloppements et cookies non pr\u00e9vus<\/strong><\/p><p>Sur certaines de nos pages, nous pouvons utiliser du contenu qui est h\u00e9berg\u00e9 sur d\u2019autres sites et qui est rendu accessible sur notre site internet au moyen de certains codes (contenu int\u00e9gr\u00e9).\u00a0 Ces codes utilisent souvent des cookies. Nous n\u2019avons cependant\u00a0aucun contr\u00f4le sur ce que ces tiers font de leurs cookies.<\/p><p>Il est \u00e9galement possible que, par l\u2019interm\u00e9diaire de notre site internet, des cookies soient plac\u00e9s par d\u2019autres personnes. Vous avez trouv\u00e9 sur notre site internet des cookies que nous n\u2019avons pas identifi\u00e9s ? Veuillez nous le faire savoir par mail. Vous pouvez \u00e9galement contacter directement le tiers et lui demander quels cookies il place, quelle en est la raison, quelle est la dur\u00e9e de vie du cookie et quelles sont les mesures pour prot\u00e9ger votre vie priv\u00e9e.\u00a0<\/p><p><strong>7. Remarques<\/strong><\/p><p>Nous devrons mettre \u00e0 jour cette politique d\u2019utilisation des cookies r\u00e9guli\u00e8rement par exemple lorsque nous modifions notre site Web ou les r\u00e8gles le concernant. Nous vous prions de consulter cette page pour prendre connaissance de la derni\u00e8re version de notre politique d\u2019utilisation des cookies. \u00a0\u00a0<\/p><p>Si vous avez des questions et\/ou des commentaires, veuillez nous contacter \u00e0 l\u2019adresse e-mail suivante\u00a0:\u00a0info@andersenestate.com<\/p>\t\t\t\t\t\t\t\t<\/div>\n\t\t\t\t<\/div>\n\t\t\t\t\t<\/div>\n\t\t<\/div>\n\t\t\t\t\t<\/div>\n\t\t<\/section>\n\t\t\t\t<section class=\"elementor-section elementor-top-section elementor-element elementor-element-466eda6a elementor-section-boxed elementor-section-height-default elementor-section-height-default\" data-id=\"466eda6a\" data-element_type=\"section\" data-e-type=\"section\">\n\t\t\t\t\t\t<div class=\"elementor-container elementor-column-gap-default\">\n\t\t\t\t\t<div class=\"elementor-column elementor-col-100 elementor-top-column elementor-element elementor-element-4f7c7748\" data-id=\"4f7c7748\" data-element_type=\"column\" data-e-type=\"column\">\n\t\t\t<div class=\"elementor-widget-wrap elementor-element-populated\">\n\t\t\t\t\t\t<div class=\"elementor-element elementor-element-18de0f33 elementor-widget elementor-widget-spacer\" data-id=\"18de0f33\" data-element_type=\"widget\" data-e-type=\"widget\" data-widget_type=\"spacer.default\">\n\t\t\t\t<div class=\"elementor-widget-container\">\n\t\t\t\t\t\t\t<div class=\"elementor-spacer\">\n\t\t\t<div class=\"elementor-spacer-inner\"><\/div>\n\t\t<\/div>\n\t\t\t\t\t\t<\/div>\n\t\t\t\t<\/div>\n\t\t\t\t\t<\/div>\n\t\t<\/div>\n\t\t\t\t\t<\/div>\n\t\t<\/section>\n\t\t\t\t<section class=\"elementor-section elementor-top-section elementor-element elementor-element-2392c124 elementor-section-boxed elementor-section-height-default elementor-section-height-default\" data-id=\"2392c124\" data-element_type=\"section\" data-e-type=\"section\">\n\t\t\t\t\t\t<div class=\"elementor-container elementor-column-gap-default\">\n\t\t\t\t\t<div class=\"elementor-column elementor-col-100 elementor-top-column elementor-element elementor-element-28f38436\" data-id=\"28f38436\" data-element_type=\"column\" data-e-type=\"column\">\n\t\t\t<div class=\"elementor-widget-wrap elementor-element-populated\">\n\t\t\t\t\t\t<div class=\"elementor-element elementor-element-45907179 elementor-widget elementor-widget-spacer\" data-id=\"45907179\" data-element_type=\"widget\" data-e-type=\"widget\" data-widget_type=\"spacer.default\">\n\t\t\t\t<div class=\"elementor-widget-container\">\n\t\t\t\t\t\t\t<div class=\"elementor-spacer\">\n\t\t\t<div class=\"elementor-spacer-inner\"><\/div>\n\t\t<\/div>\n\t\t\t\t\t\t<\/div>\n\t\t\t\t<\/div>\n\t\t\t\t\t<\/div>\n\t\t<\/div>\n\t\t\t\t\t<\/div>\n\t\t<\/section>\n\t\t\t\t<section class=\"elementor-section elementor-top-section elementor-element elementor-element-4aff9a0c elementor-section-boxed elementor-section-height-default elementor-section-height-default\" data-id=\"4aff9a0c\" data-element_type=\"section\" data-e-type=\"section\">\n\t\t\t\t\t\t<div class=\"elementor-container elementor-column-gap-default\">\n\t\t\t\t\t<div class=\"elementor-column elementor-col-100 elementor-top-column elementor-element elementor-element-58d3d5a5\" data-id=\"58d3d5a5\" data-element_type=\"column\" data-e-type=\"column\">\n\t\t\t<div class=\"elementor-widget-wrap elementor-element-populated\">\n\t\t\t\t\t\t<div class=\"elementor-element elementor-element-614bf852 elementor-icon-list--layout-traditional elementor-list-item-link-full_width elementor-widget elementor-widget-icon-list\" data-id=\"614bf852\" data-element_type=\"widget\" data-e-type=\"widget\" data-widget_type=\"icon-list.default\">\n\t\t\t\t<div class=\"elementor-widget-container\">\n\t\t\t\t\t\t\t<ul class=\"elementor-icon-list-items\">\n\t\t\t\t\t\t\t<li class=\"elementor-icon-list-item\">\n\t\t\t\t\t\t\t\t\t\t\t<a href=\"http:\/\/andersenestate.com\/da\/\">\n\n\t\t\t\t\t\t\t\t\t\t\t\t<span class=\"elementor-icon-list-icon\">\n\t\t\t\t\t\t\t<i aria-hidden=\"true\" class=\"fas fa-long-arrow-alt-left\"><\/i>\t\t\t\t\t\t<\/span>\n\t\t\t\t\t\t\t\t\t\t<span class=\"elementor-icon-list-text\"> G\u00e5 til forsiden<\/span>\n\t\t\t\t\t\t\t\t\t\t\t<\/a>\n\t\t\t\t\t\t\t\t\t<\/li>\n\t\t\t\t\t\t\t\t<li class=\"elementor-icon-list-item\">\n\t\t\t\t\t\t\t\t\t\t\t<a href=\"http:\/\/andersenestate.com\/da\/boliger-til-salg\/\">\n\n\t\t\t\t\t\t\t\t\t\t\t\t<span class=\"elementor-icon-list-icon\">\n\t\t\t\t\t\t\t<i aria-hidden=\"true\" class=\"fas fa-long-arrow-alt-left\"><\/i>\t\t\t\t\t\t<\/span>\n\t\t\t\t\t\t\t\t\t\t<span class=\"elementor-icon-list-text\"> G\u00e5 til boliger<\/span>\n\t\t\t\t\t\t\t\t\t\t\t<\/a>\n\t\t\t\t\t\t\t\t\t<\/li>\n\t\t\t\t\t\t<\/ul>\n\t\t\t\t\t\t<\/div>\n\t\t\t\t<\/div>\n\t\t\t\t\t<\/div>\n\t\t<\/div>\n\t\t\t\t\t<\/div>\n\t\t<\/section>\n\t\t\t\t<section class=\"elementor-section elementor-top-section elementor-element elementor-element-1be18d9b elementor-section-boxed elementor-section-height-default elementor-section-height-default\" data-id=\"1be18d9b\" data-element_type=\"section\" data-e-type=\"section\">\n\t\t\t\t\t\t<div class=\"elementor-container elementor-column-gap-default\">\n\t\t\t\t\t<div class=\"elementor-column elementor-col-100 elementor-top-column elementor-element elementor-element-7b049c9f\" data-id=\"7b049c9f\" data-element_type=\"column\" data-e-type=\"column\">\n\t\t\t<div class=\"elementor-widget-wrap elementor-element-populated\">\n\t\t\t\t\t\t<div class=\"elementor-element elementor-element-3371622 elementor-widget elementor-widget-spacer\" data-id=\"3371622\" data-element_type=\"widget\" data-e-type=\"widget\" data-widget_type=\"spacer.default\">\n\t\t\t\t<div class=\"elementor-widget-container\">\n\t\t\t\t\t\t\t<div class=\"elementor-spacer\">\n\t\t\t<div class=\"elementor-spacer-inner\"><\/div>\n\t\t<\/div>\n\t\t\t\t\t\t<\/div>\n\t\t\t\t<\/div>\n\t\t\t\t\t<\/div>\n\t\t<\/div>\n\t\t\t\t\t<\/div>\n\t\t<\/section>\n\t\t\t\t<\/div>\n\t\t","protected":false},"excerpt":{"rendered":"<p>POLITIQUE DE COOKIES 1. L\u2019utilisation de cookies Notre site internet www.andersenestate.com utilise des cookies. Un cookie est un petit fichier qui est envoy\u00e9 avec les pages de ce site Web et\/ou les applications Flash et qui est stock\u00e9 par votre navigateur sur votre disque dur \u00e0 partir de votre ordinateur, t\u00e9l\u00e9phone portable, montre connect\u00e9e ou [&hellip;]<\/p>\n","protected":false},"author":1,"featured_media":0,"parent":0,"menu_order":0,"comment_status":"closed","ping_status":"closed","template":"elementor_canvas","meta":{"_acf_changed":false,"footnotes":""},"class_list":["post-3522","page","type-page","status-publish","hentry"],"acf":[],"yoast_head":"<!-- This site is optimized with the Yoast SEO plugin v27.3 - https:\/\/yoast.com\/product\/yoast-seo-wordpress\/ -->\n<title>Cookie politik | Sikker behandling af dine data - Andersen Estate<\/title>\n<meta name=\"description\" content=\"N\u00e5r du bes\u00f8ger vores hjemmeside, indsamles der oplysninger om dig med henblik p\u00e5 at optimere oplevelsen af hjemmesiden. L\u00e6s mere her.\" \/>\n<meta name=\"robots\" content=\"index, follow, max-snippet:-1, max-image-preview:large, max-video-preview:-1\" \/>\n<link rel=\"canonical\" href=\"https:\/\/andersenestate.com\/da\/cookie-politik\/\" \/>\n<meta property=\"og:locale\" content=\"da_DK\" \/>\n<meta property=\"og:type\" content=\"article\" \/>\n<meta property=\"og:title\" content=\"Cookie politik | Sikker behandling af dine data - Andersen Estate\" \/>\n<meta property=\"og:description\" content=\"N\u00e5r du bes\u00f8ger vores hjemmeside, indsamles der oplysninger om dig med henblik p\u00e5 at optimere oplevelsen af hjemmesiden. L\u00e6s mere her.\" \/>\n<meta property=\"og:url\" content=\"https:\/\/andersenestate.com\/da\/cookie-politik\/\" \/>\n<meta property=\"og:site_name\" content=\"Andersen Estate\" \/>\n<meta property=\"article:modified_time\" content=\"2021-07-13T10:27:20+00:00\" \/>\n<meta name=\"twitter:card\" content=\"summary_large_image\" \/>\n<meta name=\"twitter:label1\" content=\"Estimeret l\u00e6setid\" \/>\n\t<meta name=\"twitter:data1\" content=\"6 minutter\" \/>\n<script type=\"application\/ld+json\" class=\"yoast-schema-graph\">{\"@context\":\"https:\\\/\\\/schema.org\",\"@graph\":[{\"@type\":\"WebPage\",\"@id\":\"https:\\\/\\\/andersenestate.com\\\/da\\\/cookie-politik\\\/\",\"url\":\"https:\\\/\\\/andersenestate.com\\\/da\\\/cookie-politik\\\/\",\"name\":\"Cookie politik | Sikker behandling af dine data - Andersen Estate\",\"isPartOf\":{\"@id\":\"https:\\\/\\\/andersenestate.com\\\/da\\\/#website\"},\"datePublished\":\"2020-04-10T18:05:04+00:00\",\"dateModified\":\"2021-07-13T10:27:20+00:00\",\"description\":\"N\u00e5r du bes\u00f8ger vores hjemmeside, indsamles der oplysninger om dig med henblik p\u00e5 at optimere oplevelsen af hjemmesiden. L\u00e6s mere her.\",\"breadcrumb\":{\"@id\":\"https:\\\/\\\/andersenestate.com\\\/da\\\/cookie-politik\\\/#breadcrumb\"},\"inLanguage\":\"da-DK\",\"potentialAction\":[{\"@type\":\"ReadAction\",\"target\":[\"https:\\\/\\\/andersenestate.com\\\/da\\\/cookie-politik\\\/\"]}]},{\"@type\":\"BreadcrumbList\",\"@id\":\"https:\\\/\\\/andersenestate.com\\\/da\\\/cookie-politik\\\/#breadcrumb\",\"itemListElement\":[{\"@type\":\"ListItem\",\"position\":1,\"name\":\"Home\",\"item\":\"https:\\\/\\\/andersenestate.com\\\/da\\\/\"},{\"@type\":\"ListItem\",\"position\":2,\"name\":\"Cookie politik\"}]},{\"@type\":\"WebSite\",\"@id\":\"https:\\\/\\\/andersenestate.com\\\/da\\\/#website\",\"url\":\"https:\\\/\\\/andersenestate.com\\\/da\\\/\",\"name\":\"Andersen Estate\",\"description\":\"\",\"publisher\":{\"@id\":\"https:\\\/\\\/andersenestate.com\\\/da\\\/#organization\"},\"potentialAction\":[{\"@type\":\"SearchAction\",\"target\":{\"@type\":\"EntryPoint\",\"urlTemplate\":\"https:\\\/\\\/andersenestate.com\\\/da\\\/?s={search_term_string}\"},\"query-input\":{\"@type\":\"PropertyValueSpecification\",\"valueRequired\":true,\"valueName\":\"search_term_string\"}}],\"inLanguage\":\"da-DK\"},{\"@type\":\"Organization\",\"@id\":\"https:\\\/\\\/andersenestate.com\\\/da\\\/#organization\",\"name\":\"Andersen Estate\",\"url\":\"https:\\\/\\\/andersenestate.com\\\/da\\\/\",\"logo\":{\"@type\":\"ImageObject\",\"inLanguage\":\"da-DK\",\"@id\":\"https:\\\/\\\/andersenestate.com\\\/da\\\/#\\\/schema\\\/logo\\\/image\\\/\",\"url\":\"https:\\\/\\\/andersenestate.com\\\/wp-content\\\/uploads\\\/2020\\\/04\\\/AE_logo1_blue_600.png\",\"contentUrl\":\"https:\\\/\\\/andersenestate.com\\\/wp-content\\\/uploads\\\/2020\\\/04\\\/AE_logo1_blue_600.png\",\"width\":600,\"height\":228,\"caption\":\"Andersen Estate\"},\"image\":{\"@id\":\"https:\\\/\\\/andersenestate.com\\\/da\\\/#\\\/schema\\\/logo\\\/image\\\/\"}}]}<\/script>\n<!-- \/ Yoast SEO plugin. -->","yoast_head_json":{"title":"Cookie politik | Sikker behandling af dine data - Andersen Estate","description":"N\u00e5r du bes\u00f8ger vores hjemmeside, indsamles der oplysninger om dig med henblik p\u00e5 at optimere oplevelsen af hjemmesiden. L\u00e6s mere her.","robots":{"index":"index","follow":"follow","max-snippet":"max-snippet:-1","max-image-preview":"max-image-preview:large","max-video-preview":"max-video-preview:-1"},"canonical":"https:\/\/andersenestate.com\/da\/cookie-politik\/","og_locale":"da_DK","og_type":"article","og_title":"Cookie politik | Sikker behandling af dine data - Andersen Estate","og_description":"N\u00e5r du bes\u00f8ger vores hjemmeside, indsamles der oplysninger om dig med henblik p\u00e5 at optimere oplevelsen af hjemmesiden. L\u00e6s mere her.","og_url":"https:\/\/andersenestate.com\/da\/cookie-politik\/","og_site_name":"Andersen Estate","article_modified_time":"2021-07-13T10:27:20+00:00","twitter_card":"summary_large_image","twitter_misc":{"Estimeret l\u00e6setid":"6 minutter"},"schema":{"@context":"https:\/\/schema.org","@graph":[{"@type":"WebPage","@id":"https:\/\/andersenestate.com\/da\/cookie-politik\/","url":"https:\/\/andersenestate.com\/da\/cookie-politik\/","name":"Cookie politik | Sikker behandling af dine data - Andersen Estate","isPartOf":{"@id":"https:\/\/andersenestate.com\/da\/#website"},"datePublished":"2020-04-10T18:05:04+00:00","dateModified":"2021-07-13T10:27:20+00:00","description":"N\u00e5r du bes\u00f8ger vores hjemmeside, indsamles der oplysninger om dig med henblik p\u00e5 at optimere oplevelsen af hjemmesiden. L\u00e6s mere her.","breadcrumb":{"@id":"https:\/\/andersenestate.com\/da\/cookie-politik\/#breadcrumb"},"inLanguage":"da-DK","potentialAction":[{"@type":"ReadAction","target":["https:\/\/andersenestate.com\/da\/cookie-politik\/"]}]},{"@type":"BreadcrumbList","@id":"https:\/\/andersenestate.com\/da\/cookie-politik\/#breadcrumb","itemListElement":[{"@type":"ListItem","position":1,"name":"Home","item":"https:\/\/andersenestate.com\/da\/"},{"@type":"ListItem","position":2,"name":"Cookie politik"}]},{"@type":"WebSite","@id":"https:\/\/andersenestate.com\/da\/#website","url":"https:\/\/andersenestate.com\/da\/","name":"Andersen Estate","description":"","publisher":{"@id":"https:\/\/andersenestate.com\/da\/#organization"},"potentialAction":[{"@type":"SearchAction","target":{"@type":"EntryPoint","urlTemplate":"https:\/\/andersenestate.com\/da\/?s={search_term_string}"},"query-input":{"@type":"PropertyValueSpecification","valueRequired":true,"valueName":"search_term_string"}}],"inLanguage":"da-DK"},{"@type":"Organization","@id":"https:\/\/andersenestate.com\/da\/#organization","name":"Andersen Estate","url":"https:\/\/andersenestate.com\/da\/","logo":{"@type":"ImageObject","inLanguage":"da-DK","@id":"https:\/\/andersenestate.com\/da\/#\/schema\/logo\/image\/","url":"https:\/\/andersenestate.com\/wp-content\/uploads\/2020\/04\/AE_logo1_blue_600.png","contentUrl":"https:\/\/andersenestate.com\/wp-content\/uploads\/2020\/04\/AE_logo1_blue_600.png","width":600,"height":228,"caption":"Andersen Estate"},"image":{"@id":"https:\/\/andersenestate.com\/da\/#\/schema\/logo\/image\/"}}]}},"_links":{"self":[{"href":"https:\/\/andersenestate.com\/da\/wp-json\/wp\/v2\/pages\/3522","targetHints":{"allow":["GET"]}}],"collection":[{"href":"https:\/\/andersenestate.com\/da\/wp-json\/wp\/v2\/pages"}],"about":[{"href":"https:\/\/andersenestate.com\/da\/wp-json\/wp\/v2\/types\/page"}],"author":[{"embeddable":true,"href":"https:\/\/andersenestate.com\/da\/wp-json\/wp\/v2\/users\/1"}],"replies":[{"embeddable":true,"href":"https:\/\/andersenestate.com\/da\/wp-json\/wp\/v2\/comments?post=3522"}],"version-history":[{"count":0,"href":"https:\/\/andersenestate.com\/da\/wp-json\/wp\/v2\/pages\/3522\/revisions"}],"wp:attachment":[{"href":"https:\/\/andersenestate.com\/da\/wp-json\/wp\/v2\/media?parent=3522"}],"curies":[{"name":"wp","href":"https:\/\/api.w.org\/{rel}","templated":true}]}}