{"id":2635,"date":"2020-02-18T15:25:28","date_gmt":"2020-02-18T14:25:28","guid":{"rendered":"http:\/\/andersenestate.com\/?page_id=2635"},"modified":"2025-03-04T13:17:58","modified_gmt":"2025-03-04T12:17:58","slug":"velkommen","status":"publish","type":"page","link":"https:\/\/andersenestate.com\/da\/velkommen\/","title":{"rendered":"Velkommen"},"content":{"rendered":"\t\t<div data-elementor-type=\"wp-page\" data-elementor-id=\"2635\" class=\"elementor elementor-2635\" data-elementor-post-type=\"page\">\n\t\t\t\t\t\t<section class=\"elementor-section elementor-top-section elementor-element elementor-element-1b1db349 elementor-section-boxed elementor-section-height-default elementor-section-height-default\" data-id=\"1b1db349\" data-element_type=\"section\" data-e-type=\"section\">\n\t\t\t\t\t\t<div class=\"elementor-container elementor-column-gap-default\">\n\t\t\t\t\t<div class=\"elementor-column elementor-col-100 elementor-top-column elementor-element elementor-element-47a901f3\" data-id=\"47a901f3\" data-element_type=\"column\" data-e-type=\"column\">\n\t\t\t<div class=\"elementor-widget-wrap elementor-element-populated\">\n\t\t\t\t\t\t<div class=\"elementor-element elementor-element-75910eb9 elementor-widget elementor-widget-spacer\" data-id=\"75910eb9\" data-element_type=\"widget\" data-e-type=\"widget\" data-widget_type=\"spacer.default\">\n\t\t\t\t<div class=\"elementor-widget-container\">\n\t\t\t\t\t\t\t<div class=\"elementor-spacer\">\n\t\t\t<div class=\"elementor-spacer-inner\"><\/div>\n\t\t<\/div>\n\t\t\t\t\t\t<\/div>\n\t\t\t\t<\/div>\n\t\t\t\t<div class=\"elementor-element elementor-element-78deb268 elementor-widget elementor-widget-heading\" data-id=\"78deb268\" data-element_type=\"widget\" data-e-type=\"widget\" data-widget_type=\"heading.default\">\n\t\t\t\t<div class=\"elementor-widget-container\">\n\t\t\t\t\t<h2 class=\"elementor-heading-title elementor-size-default\">Velkommen<\/h2>\t\t\t\t<\/div>\n\t\t\t\t<\/div>\n\t\t\t\t<div class=\"elementor-element elementor-element-b1deb05 elementor-widget elementor-widget-text-editor\" data-id=\"b1deb05\" data-element_type=\"widget\" data-e-type=\"widget\" data-widget_type=\"text-editor.default\">\n\t\t\t\t<div class=\"elementor-widget-container\">\n\t\t\t\t\t\t\t\t\t<p>Grundlaget for vores ejendomsm\u00e6glervirksomhed er:<\/p>\t\t\t\t\t\t\t\t<\/div>\n\t\t\t\t<\/div>\n\t\t\t\t\t<\/div>\n\t\t<\/div>\n\t\t\t\t\t<\/div>\n\t\t<\/section>\n\t\t\t\t<section class=\"elementor-section elementor-top-section elementor-element elementor-element-3bc6a9c6 elementor-section-boxed elementor-section-height-default elementor-section-height-default\" data-id=\"3bc6a9c6\" data-element_type=\"section\" data-e-type=\"section\">\n\t\t\t\t\t\t<div class=\"elementor-container elementor-column-gap-default\">\n\t\t\t\t\t<div class=\"elementor-column elementor-col-100 elementor-top-column elementor-element elementor-element-76e16f3c\" data-id=\"76e16f3c\" data-element_type=\"column\" data-e-type=\"column\">\n\t\t\t<div class=\"elementor-widget-wrap elementor-element-populated\">\n\t\t\t\t\t\t<div class=\"elementor-element elementor-element-32b1f949 elementor-align-start elementor-icon-list--layout-traditional elementor-list-item-link-full_width elementor-widget elementor-widget-icon-list\" data-id=\"32b1f949\" data-element_type=\"widget\" data-e-type=\"widget\" data-widget_type=\"icon-list.default\">\n\t\t\t\t<div class=\"elementor-widget-container\">\n\t\t\t\t\t\t\t<ul class=\"elementor-icon-list-items\">\n\t\t\t\t\t\t\t<li class=\"elementor-icon-list-item\">\n\t\t\t\t\t\t\t\t\t\t\t<span class=\"elementor-icon-list-icon\">\n\t\t\t\t\t\t\t<i aria-hidden=\"true\" class=\"fas fa-chevron-right\"><\/i>\t\t\t\t\t\t<\/span>\n\t\t\t\t\t\t\t\t\t\t<span class=\"elementor-icon-list-text\">Skandinavisk effektivitet<\/span>\n\t\t\t\t\t\t\t\t\t<\/li>\n\t\t\t\t\t\t\t\t<li class=\"elementor-icon-list-item\">\n\t\t\t\t\t\t\t\t\t\t\t<span class=\"elementor-icon-list-icon\">\n\t\t\t\t\t\t\t<i aria-hidden=\"true\" class=\"fas fa-chevron-right\"><\/i>\t\t\t\t\t\t<\/span>\n\t\t\t\t\t\t\t\t\t\t<span class=\"elementor-icon-list-text\">Gennemsigtighed<\/span>\n\t\t\t\t\t\t\t\t\t<\/li>\n\t\t\t\t\t\t\t\t<li class=\"elementor-icon-list-item\">\n\t\t\t\t\t\t\t\t\t\t\t<span class=\"elementor-icon-list-icon\">\n\t\t\t\t\t\t\t<i aria-hidden=\"true\" class=\"fas fa-chevron-right\"><\/i>\t\t\t\t\t\t<\/span>\n\t\t\t\t\t\t\t\t\t\t<span class=\"elementor-icon-list-text\">Rettidig omhu<\/span>\n\t\t\t\t\t\t\t\t\t<\/li>\n\t\t\t\t\t\t\t\t<li class=\"elementor-icon-list-item\">\n\t\t\t\t\t\t\t\t\t\t\t<span class=\"elementor-icon-list-icon\">\n\t\t\t\t\t\t\t<i aria-hidden=\"true\" class=\"fas fa-chevron-right\"><\/i>\t\t\t\t\t\t<\/span>\n\t\t\t\t\t\t\t\t\t\t<span class=\"elementor-icon-list-text\">Det bedste resultat<\/span>\n\t\t\t\t\t\t\t\t\t<\/li>\n\t\t\t\t\t\t<\/ul>\n\t\t\t\t\t\t<\/div>\n\t\t\t\t<\/div>\n\t\t\t\t\t<\/div>\n\t\t<\/div>\n\t\t\t\t\t<\/div>\n\t\t<\/section>\n\t\t\t\t<section class=\"elementor-section elementor-top-section elementor-element elementor-element-5500dac elementor-section-boxed elementor-section-height-default elementor-section-height-default\" data-id=\"5500dac\" data-element_type=\"section\" data-e-type=\"section\">\n\t\t\t\t\t\t<div class=\"elementor-container elementor-column-gap-default\">\n\t\t\t\t\t<div class=\"elementor-column elementor-col-100 elementor-top-column elementor-element elementor-element-cca8db6\" data-id=\"cca8db6\" data-element_type=\"column\" data-e-type=\"column\">\n\t\t\t<div class=\"elementor-widget-wrap elementor-element-populated\">\n\t\t\t\t\t\t<div class=\"elementor-element elementor-element-e008bbb elementor-widget elementor-widget-text-editor\" data-id=\"e008bbb\" data-element_type=\"widget\" data-e-type=\"widget\" data-widget_type=\"text-editor.default\">\n\t\t\t\t<div class=\"elementor-widget-container\">\n\t\t\t\t\t\t\t\t\t<p>Vi har fuld fokus p\u00e5 at s\u00e6lge din bolig bedst muligt.<\/p><p>Boligen s\u00e6lges via k\u00f8berkartotek, netv\u00e6rk og m\u00e5lrettet markedsf\u00f8ring.<\/p><p>Sammen opn\u00e5r vi det bedste resultat. Foruds\u00e6tningerne er grundigt forarbejde, rettidig omhu og direkte dialog.<\/p><p>\u00d8nsker du at k\u00f8be, hj\u00e6lper vi gerne med at finde og fremvise relevante boliger<\/p><p>Inden fremvisning kan du p\u00e5 vores hjemmeside se eller bestille alle relevante informationer og dokumenter p\u00e5 den bolig, der har vakt din interesse. P\u00e5 den m\u00e5de sparer du tid, ligesom frustration og skuffelser undg\u00e5s.<\/p><p>S\u00e5fremt du s\u00f8ger en bolig, som ikke er til salg hos os, bidrager vi gerne med vor ekspertise og erfaring.<br \/>Ring eller skriv til os, s\u00e5 finder vi sammen den rigtig l\u00f8sning \u2013 det er helt gratis for dig.<\/p><p>Du beh\u00f8ver blot at besvare et enkelt sp\u00f8rgsm\u00e5l:<\/p><p>Hvordan kan vi bedst hj\u00e6lpe dig ?<\/p>\t\t\t\t\t\t\t\t<\/div>\n\t\t\t\t<\/div>\n\t\t\t\t\t<\/div>\n\t\t<\/div>\n\t\t\t\t\t<\/div>\n\t\t<\/section>\n\t\t\t\t<section class=\"elementor-section elementor-top-section elementor-element elementor-element-5b4817d9 elementor-section-boxed elementor-section-height-default elementor-section-height-default\" data-id=\"5b4817d9\" data-element_type=\"section\" data-e-type=\"section\">\n\t\t\t\t\t\t<div class=\"elementor-container elementor-column-gap-default\">\n\t\t\t\t\t<div class=\"elementor-column elementor-col-100 elementor-top-column elementor-element elementor-element-22f40b96\" data-id=\"22f40b96\" data-element_type=\"column\" data-e-type=\"column\">\n\t\t\t<div class=\"elementor-widget-wrap elementor-element-populated\">\n\t\t\t\t\t\t<div class=\"elementor-element elementor-element-3edb3cba elementor-icon-list--layout-traditional elementor-list-item-link-full_width elementor-widget elementor-widget-icon-list\" data-id=\"3edb3cba\" data-element_type=\"widget\" data-e-type=\"widget\" data-widget_type=\"icon-list.default\">\n\t\t\t\t<div class=\"elementor-widget-container\">\n\t\t\t\t\t\t\t<ul class=\"elementor-icon-list-items\">\n\t\t\t\t\t\t\t<li class=\"elementor-icon-list-item\">\n\t\t\t\t\t\t\t\t\t\t\t<a href=\"tel:0033(0)686691689\">\n\n\t\t\t\t\t\t\t\t\t\t\t\t<span class=\"elementor-icon-list-icon\">\n\t\t\t\t\t\t\t<i aria-hidden=\"true\" class=\"fas fa-mobile-alt\"><\/i>\t\t\t\t\t\t<\/span>\n\t\t\t\t\t\t\t\t\t\t<span class=\"elementor-icon-list-text\">0033 (0)6 86 69 16 89<\/span>\n\t\t\t\t\t\t\t\t\t\t\t<\/a>\n\t\t\t\t\t\t\t\t\t<\/li>\n\t\t\t\t\t\t\t\t<li class=\"elementor-icon-list-item\">\n\t\t\t\t\t\t\t\t\t\t\t<a href=\"mailto:morten@andersenestate.com%20\">\n\n\t\t\t\t\t\t\t\t\t\t\t\t<span class=\"elementor-icon-list-icon\">\n\t\t\t\t\t\t\t<i aria-hidden=\"true\" class=\"fas fa-envelope\"><\/i>\t\t\t\t\t\t<\/span>\n\t\t\t\t\t\t\t\t\t\t<span class=\"elementor-icon-list-text\">morten@andersenestate.com<\/span>\n\t\t\t\t\t\t\t\t\t\t\t<\/a>\n\t\t\t\t\t\t\t\t\t<\/li>\n\t\t\t\t\t\t<\/ul>\n\t\t\t\t\t\t<\/div>\n\t\t\t\t<\/div>\n\t\t\t\t\t<\/div>\n\t\t<\/div>\n\t\t\t\t\t<\/div>\n\t\t<\/section>\n\t\t\t\t<section class=\"elementor-section elementor-top-section elementor-element elementor-element-a431939 elementor-section-boxed elementor-section-height-default elementor-section-height-default\" data-id=\"a431939\" data-element_type=\"section\" data-e-type=\"section\">\n\t\t\t\t\t\t<div class=\"elementor-container elementor-column-gap-default\">\n\t\t\t\t\t<div class=\"elementor-column elementor-col-100 elementor-top-column elementor-element elementor-element-db9bcd4\" data-id=\"db9bcd4\" data-element_type=\"column\" data-e-type=\"column\">\n\t\t\t<div class=\"elementor-widget-wrap elementor-element-populated\">\n\t\t\t\t\t\t<div class=\"elementor-element elementor-element-94fba7d elementor-widget elementor-widget-spacer\" data-id=\"94fba7d\" data-element_type=\"widget\" data-e-type=\"widget\" data-widget_type=\"spacer.default\">\n\t\t\t\t<div class=\"elementor-widget-container\">\n\t\t\t\t\t\t\t<div class=\"elementor-spacer\">\n\t\t\t<div class=\"elementor-spacer-inner\"><\/div>\n\t\t<\/div>\n\t\t\t\t\t\t<\/div>\n\t\t\t\t<\/div>\n\t\t\t\t\t<\/div>\n\t\t<\/div>\n\t\t\t\t\t<\/div>\n\t\t<\/section>\n\t\t\t\t<section class=\"elementor-section elementor-top-section elementor-element elementor-element-f5ba98f elementor-section-boxed elementor-section-height-default elementor-section-height-default\" data-id=\"f5ba98f\" data-element_type=\"section\" data-e-type=\"section\">\n\t\t\t\t\t\t<div class=\"elementor-container elementor-column-gap-default\">\n\t\t\t\t\t<div class=\"elementor-column elementor-col-100 elementor-top-column elementor-element elementor-element-ff02262\" data-id=\"ff02262\" data-element_type=\"column\" data-e-type=\"column\">\n\t\t\t<div class=\"elementor-widget-wrap elementor-element-populated\">\n\t\t\t\t\t\t<div class=\"elementor-element elementor-element-426e1e9 elementor-widget elementor-widget-spacer\" data-id=\"426e1e9\" data-element_type=\"widget\" data-e-type=\"widget\" data-widget_type=\"spacer.default\">\n\t\t\t\t<div class=\"elementor-widget-container\">\n\t\t\t\t\t\t\t<div class=\"elementor-spacer\">\n\t\t\t<div class=\"elementor-spacer-inner\"><\/div>\n\t\t<\/div>\n\t\t\t\t\t\t<\/div>\n\t\t\t\t<\/div>\n\t\t\t\t\t<\/div>\n\t\t<\/div>\n\t\t\t\t\t<\/div>\n\t\t<\/section>\n\t\t\t\t<section class=\"elementor-section elementor-top-section elementor-element elementor-element-770485ea elementor-section-boxed elementor-section-height-default elementor-section-height-default\" data-id=\"770485ea\" data-element_type=\"section\" data-e-type=\"section\">\n\t\t\t\t\t\t<div class=\"elementor-container elementor-column-gap-default\">\n\t\t\t\t\t<div class=\"elementor-column elementor-col-100 elementor-top-column elementor-element elementor-element-5ab182aa\" data-id=\"5ab182aa\" data-element_type=\"column\" data-e-type=\"column\">\n\t\t\t<div class=\"elementor-widget-wrap elementor-element-populated\">\n\t\t\t\t\t\t<div class=\"elementor-element elementor-element-34942a99 elementor-icon-list--layout-traditional elementor-list-item-link-full_width elementor-widget elementor-widget-icon-list\" data-id=\"34942a99\" data-element_type=\"widget\" data-e-type=\"widget\" data-widget_type=\"icon-list.default\">\n\t\t\t\t<div class=\"elementor-widget-container\">\n\t\t\t\t\t\t\t<ul class=\"elementor-icon-list-items\">\n\t\t\t\t\t\t\t<li class=\"elementor-icon-list-item\">\n\t\t\t\t\t\t\t\t\t\t\t<a href=\"http:\/\/andersenestate.com\/da\/\">\n\n\t\t\t\t\t\t\t\t\t\t\t\t<span class=\"elementor-icon-list-icon\">\n\t\t\t\t\t\t\t<i aria-hidden=\"true\" class=\"fas fa-long-arrow-alt-left\"><\/i>\t\t\t\t\t\t<\/span>\n\t\t\t\t\t\t\t\t\t\t<span class=\"elementor-icon-list-text\"> G\u00e5 til forsiden<\/span>\n\t\t\t\t\t\t\t\t\t\t\t<\/a>\n\t\t\t\t\t\t\t\t\t<\/li>\n\t\t\t\t\t\t\t\t<li class=\"elementor-icon-list-item\">\n\t\t\t\t\t\t\t\t\t\t\t<a href=\"http:\/\/andersenestate.com\/da\/boliger-til-salg\/\">\n\n\t\t\t\t\t\t\t\t\t\t\t\t<span class=\"elementor-icon-list-icon\">\n\t\t\t\t\t\t\t<i aria-hidden=\"true\" class=\"fas fa-long-arrow-alt-left\"><\/i>\t\t\t\t\t\t<\/span>\n\t\t\t\t\t\t\t\t\t\t<span class=\"elementor-icon-list-text\"> G\u00e5 til boliger<\/span>\n\t\t\t\t\t\t\t\t\t\t\t<\/a>\n\t\t\t\t\t\t\t\t\t<\/li>\n\t\t\t\t\t\t<\/ul>\n\t\t\t\t\t\t<\/div>\n\t\t\t\t<\/div>\n\t\t\t\t\t<\/div>\n\t\t<\/div>\n\t\t\t\t\t<\/div>\n\t\t<\/section>\n\t\t\t\t<section class=\"elementor-section elementor-top-section elementor-element elementor-element-6ec4612 elementor-section-boxed elementor-section-height-default elementor-section-height-default\" data-id=\"6ec4612\" data-element_type=\"section\" data-e-type=\"section\">\n\t\t\t\t\t\t<div class=\"elementor-container elementor-column-gap-default\">\n\t\t\t\t\t<div class=\"elementor-column elementor-col-100 elementor-top-column elementor-element elementor-element-a46953c\" data-id=\"a46953c\" data-element_type=\"column\" data-e-type=\"column\">\n\t\t\t<div class=\"elementor-widget-wrap elementor-element-populated\">\n\t\t\t\t\t\t<div class=\"elementor-element elementor-element-058c119 elementor-widget elementor-widget-spacer\" data-id=\"058c119\" data-element_type=\"widget\" data-e-type=\"widget\" data-widget_type=\"spacer.default\">\n\t\t\t\t<div class=\"elementor-widget-container\">\n\t\t\t\t\t\t\t<div class=\"elementor-spacer\">\n\t\t\t<div class=\"elementor-spacer-inner\"><\/div>\n\t\t<\/div>\n\t\t\t\t\t\t<\/div>\n\t\t\t\t<\/div>\n\t\t\t\t\t<\/div>\n\t\t<\/div>\n\t\t\t\t\t<\/div>\n\t\t<\/section>\n\t\t\t\t<\/div>\n\t\t","protected":false},"excerpt":{"rendered":"<p>Velkommen Grundlaget for vores ejendomsm\u00e6glervirksomhed er: Skandinavisk effektivitet Gennemsigtighed Rettidig omhu Det bedste resultat Vi har fuld fokus p\u00e5 at s\u00e6lge din bolig bedst muligt. Boligen s\u00e6lges via k\u00f8berkartotek, netv\u00e6rk og m\u00e5lrettet markedsf\u00f8ring. Sammen opn\u00e5r vi det bedste resultat. Foruds\u00e6tningerne er grundigt forarbejde, rettidig omhu og direkte dialog. \u00d8nsker du at k\u00f8be, hj\u00e6lper vi gerne [&hellip;]<\/p>\n","protected":false},"author":1,"featured_media":0,"parent":0,"menu_order":0,"comment_status":"closed","ping_status":"closed","template":"elementor_header_footer","meta":{"_acf_changed":false,"footnotes":""},"class_list":["post-2635","page","type-page","status-publish","hentry"],"acf":[],"yoast_head":"<!-- This site is optimized with the Yoast SEO plugin v27.4 - https:\/\/yoast.com\/product\/yoast-seo-wordpress\/ -->\n<title>Velkommen til Andersen Estate \u2502 Din ejendomsm\u00e6gler i Sydfrankrig<\/title>\n<meta name=\"description\" content=\"Leder du efter en skandinavisk ejendomsm\u00e6gler i Sydfrankrig? Vi kan hj\u00e6lpe dig med b\u00e5de at s\u00e6lge og k\u00f8be boliger. Se mere her \u2192\" \/>\n<meta name=\"robots\" content=\"index, follow, max-snippet:-1, max-image-preview:large, max-video-preview:-1\" \/>\n<link rel=\"canonical\" href=\"https:\/\/andersenestate.com\/da\/velkommen\/\" \/>\n<meta property=\"og:locale\" content=\"da_DK\" \/>\n<meta property=\"og:type\" content=\"article\" \/>\n<meta property=\"og:title\" content=\"Velkommen til Andersen Estate \u2502 Din ejendomsm\u00e6gler i Sydfrankrig\" \/>\n<meta property=\"og:description\" content=\"Leder du efter en skandinavisk ejendomsm\u00e6gler i Sydfrankrig? Vi kan hj\u00e6lpe dig med b\u00e5de at s\u00e6lge og k\u00f8be boliger. Se mere her \u2192\" \/>\n<meta property=\"og:url\" content=\"https:\/\/andersenestate.com\/da\/velkommen\/\" \/>\n<meta property=\"og:site_name\" content=\"Andersen Estate\" \/>\n<meta property=\"article:modified_time\" content=\"2025-03-04T12:17:58+00:00\" \/>\n<meta name=\"twitter:card\" content=\"summary_large_image\" \/>\n<meta name=\"twitter:label1\" content=\"Estimeret l\u00e6setid\" \/>\n\t<meta name=\"twitter:data1\" content=\"1 minut\" \/>\n<script type=\"application\/ld+json\" class=\"yoast-schema-graph\">{\"@context\":\"https:\\\/\\\/schema.org\",\"@graph\":[{\"@type\":\"WebPage\",\"@id\":\"https:\\\/\\\/andersenestate.com\\\/da\\\/velkommen\\\/\",\"url\":\"https:\\\/\\\/andersenestate.com\\\/da\\\/velkommen\\\/\",\"name\":\"Velkommen til Andersen Estate \u2502 Din ejendomsm\u00e6gler i Sydfrankrig\",\"isPartOf\":{\"@id\":\"https:\\\/\\\/andersenestate.com\\\/da\\\/#website\"},\"datePublished\":\"2020-02-18T14:25:28+00:00\",\"dateModified\":\"2025-03-04T12:17:58+00:00\",\"description\":\"Leder du efter en skandinavisk ejendomsm\u00e6gler i Sydfrankrig? Vi kan hj\u00e6lpe dig med b\u00e5de at s\u00e6lge og k\u00f8be boliger. Se mere her \u2192\",\"breadcrumb\":{\"@id\":\"https:\\\/\\\/andersenestate.com\\\/da\\\/velkommen\\\/#breadcrumb\"},\"inLanguage\":\"da-DK\",\"potentialAction\":[{\"@type\":\"ReadAction\",\"target\":[\"https:\\\/\\\/andersenestate.com\\\/da\\\/velkommen\\\/\"]}]},{\"@type\":\"BreadcrumbList\",\"@id\":\"https:\\\/\\\/andersenestate.com\\\/da\\\/velkommen\\\/#breadcrumb\",\"itemListElement\":[{\"@type\":\"ListItem\",\"position\":1,\"name\":\"Home\",\"item\":\"https:\\\/\\\/andersenestate.com\\\/da\\\/\"},{\"@type\":\"ListItem\",\"position\":2,\"name\":\"Velkommen\"}]},{\"@type\":\"WebSite\",\"@id\":\"https:\\\/\\\/andersenestate.com\\\/da\\\/#website\",\"url\":\"https:\\\/\\\/andersenestate.com\\\/da\\\/\",\"name\":\"Andersen Estate\",\"description\":\"\",\"publisher\":{\"@id\":\"https:\\\/\\\/andersenestate.com\\\/da\\\/#organization\"},\"potentialAction\":[{\"@type\":\"SearchAction\",\"target\":{\"@type\":\"EntryPoint\",\"urlTemplate\":\"https:\\\/\\\/andersenestate.com\\\/da\\\/?s={search_term_string}\"},\"query-input\":{\"@type\":\"PropertyValueSpecification\",\"valueRequired\":true,\"valueName\":\"search_term_string\"}}],\"inLanguage\":\"da-DK\"},{\"@type\":\"Organization\",\"@id\":\"https:\\\/\\\/andersenestate.com\\\/da\\\/#organization\",\"name\":\"Andersen Estate\",\"url\":\"https:\\\/\\\/andersenestate.com\\\/da\\\/\",\"logo\":{\"@type\":\"ImageObject\",\"inLanguage\":\"da-DK\",\"@id\":\"https:\\\/\\\/andersenestate.com\\\/da\\\/#\\\/schema\\\/logo\\\/image\\\/\",\"url\":\"https:\\\/\\\/andersenestate.com\\\/wp-content\\\/uploads\\\/2020\\\/04\\\/AE_logo1_blue_600.png\",\"contentUrl\":\"https:\\\/\\\/andersenestate.com\\\/wp-content\\\/uploads\\\/2020\\\/04\\\/AE_logo1_blue_600.png\",\"width\":600,\"height\":228,\"caption\":\"Andersen Estate\"},\"image\":{\"@id\":\"https:\\\/\\\/andersenestate.com\\\/da\\\/#\\\/schema\\\/logo\\\/image\\\/\"}}]}<\/script>\n<!-- \/ Yoast SEO plugin. -->","yoast_head_json":{"title":"Velkommen til Andersen Estate \u2502 Din ejendomsm\u00e6gler i Sydfrankrig","description":"Leder du efter en skandinavisk ejendomsm\u00e6gler i Sydfrankrig? Vi kan hj\u00e6lpe dig med b\u00e5de at s\u00e6lge og k\u00f8be boliger. Se mere her \u2192","robots":{"index":"index","follow":"follow","max-snippet":"max-snippet:-1","max-image-preview":"max-image-preview:large","max-video-preview":"max-video-preview:-1"},"canonical":"https:\/\/andersenestate.com\/da\/velkommen\/","og_locale":"da_DK","og_type":"article","og_title":"Velkommen til Andersen Estate \u2502 Din ejendomsm\u00e6gler i Sydfrankrig","og_description":"Leder du efter en skandinavisk ejendomsm\u00e6gler i Sydfrankrig? Vi kan hj\u00e6lpe dig med b\u00e5de at s\u00e6lge og k\u00f8be boliger. Se mere her \u2192","og_url":"https:\/\/andersenestate.com\/da\/velkommen\/","og_site_name":"Andersen Estate","article_modified_time":"2025-03-04T12:17:58+00:00","twitter_card":"summary_large_image","twitter_misc":{"Estimeret l\u00e6setid":"1 minut"},"schema":{"@context":"https:\/\/schema.org","@graph":[{"@type":"WebPage","@id":"https:\/\/andersenestate.com\/da\/velkommen\/","url":"https:\/\/andersenestate.com\/da\/velkommen\/","name":"Velkommen til Andersen Estate \u2502 Din ejendomsm\u00e6gler i Sydfrankrig","isPartOf":{"@id":"https:\/\/andersenestate.com\/da\/#website"},"datePublished":"2020-02-18T14:25:28+00:00","dateModified":"2025-03-04T12:17:58+00:00","description":"Leder du efter en skandinavisk ejendomsm\u00e6gler i Sydfrankrig? Vi kan hj\u00e6lpe dig med b\u00e5de at s\u00e6lge og k\u00f8be boliger. Se mere her \u2192","breadcrumb":{"@id":"https:\/\/andersenestate.com\/da\/velkommen\/#breadcrumb"},"inLanguage":"da-DK","potentialAction":[{"@type":"ReadAction","target":["https:\/\/andersenestate.com\/da\/velkommen\/"]}]},{"@type":"BreadcrumbList","@id":"https:\/\/andersenestate.com\/da\/velkommen\/#breadcrumb","itemListElement":[{"@type":"ListItem","position":1,"name":"Home","item":"https:\/\/andersenestate.com\/da\/"},{"@type":"ListItem","position":2,"name":"Velkommen"}]},{"@type":"WebSite","@id":"https:\/\/andersenestate.com\/da\/#website","url":"https:\/\/andersenestate.com\/da\/","name":"Andersen Estate","description":"","publisher":{"@id":"https:\/\/andersenestate.com\/da\/#organization"},"potentialAction":[{"@type":"SearchAction","target":{"@type":"EntryPoint","urlTemplate":"https:\/\/andersenestate.com\/da\/?s={search_term_string}"},"query-input":{"@type":"PropertyValueSpecification","valueRequired":true,"valueName":"search_term_string"}}],"inLanguage":"da-DK"},{"@type":"Organization","@id":"https:\/\/andersenestate.com\/da\/#organization","name":"Andersen Estate","url":"https:\/\/andersenestate.com\/da\/","logo":{"@type":"ImageObject","inLanguage":"da-DK","@id":"https:\/\/andersenestate.com\/da\/#\/schema\/logo\/image\/","url":"https:\/\/andersenestate.com\/wp-content\/uploads\/2020\/04\/AE_logo1_blue_600.png","contentUrl":"https:\/\/andersenestate.com\/wp-content\/uploads\/2020\/04\/AE_logo1_blue_600.png","width":600,"height":228,"caption":"Andersen Estate"},"image":{"@id":"https:\/\/andersenestate.com\/da\/#\/schema\/logo\/image\/"}}]}},"_links":{"self":[{"href":"https:\/\/andersenestate.com\/da\/wp-json\/wp\/v2\/pages\/2635","targetHints":{"allow":["GET"]}}],"collection":[{"href":"https:\/\/andersenestate.com\/da\/wp-json\/wp\/v2\/pages"}],"about":[{"href":"https:\/\/andersenestate.com\/da\/wp-json\/wp\/v2\/types\/page"}],"author":[{"embeddable":true,"href":"https:\/\/andersenestate.com\/da\/wp-json\/wp\/v2\/users\/1"}],"replies":[{"embeddable":true,"href":"https:\/\/andersenestate.com\/da\/wp-json\/wp\/v2\/comments?post=2635"}],"version-history":[{"count":0,"href":"https:\/\/andersenestate.com\/da\/wp-json\/wp\/v2\/pages\/2635\/revisions"}],"wp:attachment":[{"href":"https:\/\/andersenestate.com\/da\/wp-json\/wp\/v2\/media?parent=2635"}],"curies":[{"name":"wp","href":"https:\/\/api.w.org\/{rel}","templated":true}]}}