{"id":2464,"date":"2020-02-10T14:21:20","date_gmt":"2020-02-10T13:21:20","guid":{"rendered":"http:\/\/andersenestate.com\/?page_id=2464"},"modified":"2025-03-04T13:25:01","modified_gmt":"2025-03-04T12:25:01","slug":"kob-med-andersen-estate","status":"publish","type":"page","link":"https:\/\/andersenestate.com\/da\/kob-med-andersen-estate\/","title":{"rendered":"K\u00f8b med Andersen Estate"},"content":{"rendered":"\t\t<div data-elementor-type=\"wp-page\" data-elementor-id=\"2464\" class=\"elementor elementor-2464\" data-elementor-post-type=\"page\">\n\t\t\t\t\t\t<section class=\"elementor-section elementor-top-section elementor-element elementor-element-5bbff558 elementor-section-boxed elementor-section-height-default elementor-section-height-default\" data-id=\"5bbff558\" data-element_type=\"section\" data-e-type=\"section\" data-settings=\"{&quot;background_background&quot;:&quot;classic&quot;}\">\n\t\t\t\t\t\t<div class=\"elementor-container elementor-column-gap-default\">\n\t\t\t\t\t<div class=\"elementor-column elementor-col-100 elementor-top-column elementor-element elementor-element-5e9140e1\" data-id=\"5e9140e1\" data-element_type=\"column\" data-e-type=\"column\">\n\t\t\t<div class=\"elementor-widget-wrap elementor-element-populated\">\n\t\t\t\t\t\t<div class=\"elementor-element elementor-element-2eabcb22 elementor-widget elementor-widget-spacer\" data-id=\"2eabcb22\" data-element_type=\"widget\" data-e-type=\"widget\" data-widget_type=\"spacer.default\">\n\t\t\t\t<div class=\"elementor-widget-container\">\n\t\t\t\t\t\t\t<div class=\"elementor-spacer\">\n\t\t\t<div class=\"elementor-spacer-inner\"><\/div>\n\t\t<\/div>\n\t\t\t\t\t\t<\/div>\n\t\t\t\t<\/div>\n\t\t\t\t<div class=\"elementor-element elementor-element-1adb7eda elementor-widget elementor-widget-heading\" data-id=\"1adb7eda\" data-element_type=\"widget\" data-e-type=\"widget\" data-widget_type=\"heading.default\">\n\t\t\t\t<div class=\"elementor-widget-container\">\n\t\t\t\t\t<h2 class=\"elementor-heading-title elementor-size-default\">K\u00f8b med Andersen Estate<\/h2>\t\t\t\t<\/div>\n\t\t\t\t<\/div>\n\t\t\t\t<div class=\"elementor-element elementor-element-656ccfc7 elementor-widget elementor-widget-text-editor\" data-id=\"656ccfc7\" data-element_type=\"widget\" data-e-type=\"widget\" data-widget_type=\"text-editor.default\">\n\t\t\t\t<div class=\"elementor-widget-container\">\n\t\t\t\t\t\t\t\t\t<p class=\"p1\">I Frankrig kan boligs\u00f8gning synes uoverskuelig.<\/p><p class=\"p1\">Dels p\u00e5 grund af de mange ejendomme til salg, der ofte udbydes af flere m\u00e6glere med forskellige fakta, priser, mv. Men ogs\u00e5 p\u00e5 grund af frav\u00e6ret af komplet information om den enkelte bolig.<\/p><p class=\"p1\">De boliger vi har til salg, er kun til salg hos os.<\/p><p class=\"p1\">Inden fremvisning kan du p\u00e5 vores hjemmeside se eller bestille alle relevante informationer og dokumenter p\u00e5 hver enkelt bolig. S\u00e5 sparer du tid, ligesom frustration og skuffelser undg\u00e5s.<\/p><p class=\"p1\">I den indledende dialog med dig afklares dine \u00f8nsker og behov. Ikke fordi vi er nysgerrige, men fordi vi \u00f8nsker at yde dig den bedste r\u00e5dgivning.<\/p><p class=\"p1\">Vi har indg\u00e5ende kendskab til boligerne, og \u00f8nsker at fremvisningerne bliver s\u00e5 udbytterige for dig som muligt. Ligesom du n\u00e6ppe \u00f8nsker at spilde din tid i s\u00f8geprocessen.<\/p><p class=\"p1\">Udarbejdelse af k\u00f8bsaftalen p\u00e5begyndes, n\u00e5r du har fundet din nye bolig. S\u00e5 kan du og din familie flytte ind og indrette jer uden un\u00f8dvendig ventetid.<\/p><h3 class=\"p2\"><b>K\u00f8berm\u00e6gler:<\/b><\/h3><p class=\"p1\">S\u00f8ger du en eksklusiv liebhaverbolig, som vi ikke har til salg, tilbyder vi dig at blive din private k\u00f8berr\u00e5dgiver.<\/p><p class=\"p1\">Vi giver dig overblik over det store udbud p\u00e5 markedet og identificerer boliger, som passer til dine \u00f8nsker. Du sparer tid, b\u00f8vl og besv\u00e6r med 20 \u00e5rs erfaring, ekspertise og Andersen Estate i ryggen. Denne r\u00e5dgivning og service er gratis og sikrer dig liebhaverboligen til den rigtige pris.<\/p><p class=\"p1\">Du beh\u00f8ver kun at besvare et sp\u00f8rgsm\u00e5l:<\/p><p class=\"p1\">Hvilke \u00f8nsker har du til din fremtidige tilv\u00e6relse i Frankrig?<\/p><h3 class=\"p2\"><b>Efter k\u00f8b:<\/b><\/h3><p class=\"p1\">N\u00e5r den \u00f8nskede bolig bliver din, hj\u00e6lper vi naturligvis med etablering af relevante abonnementer, forsikringer, bankkonto, skat, ejerforening, telefon, internet, mv.<\/p>\t\t\t\t\t\t\t\t<\/div>\n\t\t\t\t<\/div>\n\t\t\t\t\t<\/div>\n\t\t<\/div>\n\t\t\t\t\t<\/div>\n\t\t<\/section>\n\t\t\t\t<section class=\"elementor-section elementor-top-section elementor-element elementor-element-6c462881 elementor-section-boxed elementor-section-height-default elementor-section-height-default\" data-id=\"6c462881\" data-element_type=\"section\" data-e-type=\"section\">\n\t\t\t\t\t\t<div class=\"elementor-container elementor-column-gap-default\">\n\t\t\t\t\t<div class=\"elementor-column elementor-col-100 elementor-top-column elementor-element elementor-element-13875255\" data-id=\"13875255\" data-element_type=\"column\" data-e-type=\"column\">\n\t\t\t<div class=\"elementor-widget-wrap elementor-element-populated\">\n\t\t\t\t\t\t<div class=\"elementor-element elementor-element-24eacd9 elementor-icon-list--layout-traditional elementor-list-item-link-full_width elementor-widget elementor-widget-icon-list\" data-id=\"24eacd9\" data-element_type=\"widget\" data-e-type=\"widget\" data-widget_type=\"icon-list.default\">\n\t\t\t\t<div class=\"elementor-widget-container\">\n\t\t\t\t\t\t\t<ul class=\"elementor-icon-list-items\">\n\t\t\t\t\t\t\t<li class=\"elementor-icon-list-item\">\n\t\t\t\t\t\t\t\t\t\t\t<a href=\"tel:0033(0)686691689\">\n\n\t\t\t\t\t\t\t\t\t\t\t\t<span class=\"elementor-icon-list-icon\">\n\t\t\t\t\t\t\t<i aria-hidden=\"true\" class=\"fas fa-mobile-alt\"><\/i>\t\t\t\t\t\t<\/span>\n\t\t\t\t\t\t\t\t\t\t<span class=\"elementor-icon-list-text\">0033 (0)6 86 69 16 89<\/span>\n\t\t\t\t\t\t\t\t\t\t\t<\/a>\n\t\t\t\t\t\t\t\t\t<\/li>\n\t\t\t\t\t\t\t\t<li class=\"elementor-icon-list-item\">\n\t\t\t\t\t\t\t\t\t\t\t<a href=\"mailto:morten@andersenestate.com%20\">\n\n\t\t\t\t\t\t\t\t\t\t\t\t<span class=\"elementor-icon-list-icon\">\n\t\t\t\t\t\t\t<i aria-hidden=\"true\" class=\"fas fa-envelope\"><\/i>\t\t\t\t\t\t<\/span>\n\t\t\t\t\t\t\t\t\t\t<span class=\"elementor-icon-list-text\">morten@andersenestate.com<\/span>\n\t\t\t\t\t\t\t\t\t\t\t<\/a>\n\t\t\t\t\t\t\t\t\t<\/li>\n\t\t\t\t\t\t<\/ul>\n\t\t\t\t\t\t<\/div>\n\t\t\t\t<\/div>\n\t\t\t\t\t<\/div>\n\t\t<\/div>\n\t\t\t\t\t<\/div>\n\t\t<\/section>\n\t\t\t\t<section class=\"elementor-section elementor-top-section elementor-element elementor-element-7515f484 elementor-section-boxed elementor-section-height-default elementor-section-height-default\" data-id=\"7515f484\" data-element_type=\"section\" data-e-type=\"section\">\n\t\t\t\t\t\t<div class=\"elementor-container elementor-column-gap-default\">\n\t\t\t\t\t<div class=\"elementor-column elementor-col-100 elementor-top-column elementor-element elementor-element-6a2258f7\" data-id=\"6a2258f7\" data-element_type=\"column\" data-e-type=\"column\">\n\t\t\t<div class=\"elementor-widget-wrap elementor-element-populated\">\n\t\t\t\t\t\t<div class=\"elementor-element elementor-element-3629a89d elementor-widget elementor-widget-spacer\" data-id=\"3629a89d\" data-element_type=\"widget\" data-e-type=\"widget\" data-widget_type=\"spacer.default\">\n\t\t\t\t<div class=\"elementor-widget-container\">\n\t\t\t\t\t\t\t<div class=\"elementor-spacer\">\n\t\t\t<div class=\"elementor-spacer-inner\"><\/div>\n\t\t<\/div>\n\t\t\t\t\t\t<\/div>\n\t\t\t\t<\/div>\n\t\t\t\t\t<\/div>\n\t\t<\/div>\n\t\t\t\t\t<\/div>\n\t\t<\/section>\n\t\t\t\t<section class=\"elementor-section elementor-top-section elementor-element elementor-element-15c25421 elementor-section-boxed elementor-section-height-default elementor-section-height-default\" data-id=\"15c25421\" data-element_type=\"section\" data-e-type=\"section\">\n\t\t\t\t\t\t<div class=\"elementor-container elementor-column-gap-default\">\n\t\t\t\t\t<div class=\"elementor-column elementor-col-100 elementor-top-column elementor-element elementor-element-66a2125e\" data-id=\"66a2125e\" data-element_type=\"column\" data-e-type=\"column\">\n\t\t\t<div class=\"elementor-widget-wrap elementor-element-populated\">\n\t\t\t\t\t\t<div class=\"elementor-element elementor-element-33cbb382 elementor-widget elementor-widget-spacer\" data-id=\"33cbb382\" data-element_type=\"widget\" data-e-type=\"widget\" data-widget_type=\"spacer.default\">\n\t\t\t\t<div class=\"elementor-widget-container\">\n\t\t\t\t\t\t\t<div class=\"elementor-spacer\">\n\t\t\t<div class=\"elementor-spacer-inner\"><\/div>\n\t\t<\/div>\n\t\t\t\t\t\t<\/div>\n\t\t\t\t<\/div>\n\t\t\t\t\t<\/div>\n\t\t<\/div>\n\t\t\t\t\t<\/div>\n\t\t<\/section>\n\t\t\t\t<section class=\"elementor-section elementor-top-section elementor-element elementor-element-e15214b elementor-section-boxed elementor-section-height-default elementor-section-height-default\" data-id=\"e15214b\" data-element_type=\"section\" data-e-type=\"section\">\n\t\t\t\t\t\t<div class=\"elementor-container elementor-column-gap-default\">\n\t\t\t\t\t<div class=\"elementor-column elementor-col-100 elementor-top-column elementor-element elementor-element-4fa2672c\" data-id=\"4fa2672c\" data-element_type=\"column\" data-e-type=\"column\">\n\t\t\t<div class=\"elementor-widget-wrap elementor-element-populated\">\n\t\t\t\t\t\t<div class=\"elementor-element elementor-element-5338ccb9 elementor-icon-list--layout-traditional elementor-list-item-link-full_width elementor-widget elementor-widget-icon-list\" data-id=\"5338ccb9\" data-element_type=\"widget\" data-e-type=\"widget\" data-widget_type=\"icon-list.default\">\n\t\t\t\t<div class=\"elementor-widget-container\">\n\t\t\t\t\t\t\t<ul class=\"elementor-icon-list-items\">\n\t\t\t\t\t\t\t<li class=\"elementor-icon-list-item\">\n\t\t\t\t\t\t\t\t\t\t\t<a href=\"http:\/\/andersenestate.com\/da\/\">\n\n\t\t\t\t\t\t\t\t\t\t\t\t<span class=\"elementor-icon-list-icon\">\n\t\t\t\t\t\t\t<i aria-hidden=\"true\" class=\"fas fa-long-arrow-alt-left\"><\/i>\t\t\t\t\t\t<\/span>\n\t\t\t\t\t\t\t\t\t\t<span class=\"elementor-icon-list-text\"> G\u00e5 til forsiden<\/span>\n\t\t\t\t\t\t\t\t\t\t\t<\/a>\n\t\t\t\t\t\t\t\t\t<\/li>\n\t\t\t\t\t\t\t\t<li class=\"elementor-icon-list-item\">\n\t\t\t\t\t\t\t\t\t\t\t<a href=\"http:\/\/andersenestate.com\/da\/boliger-til-salg\/\">\n\n\t\t\t\t\t\t\t\t\t\t\t\t<span class=\"elementor-icon-list-icon\">\n\t\t\t\t\t\t\t<i aria-hidden=\"true\" class=\"fas fa-long-arrow-alt-left\"><\/i>\t\t\t\t\t\t<\/span>\n\t\t\t\t\t\t\t\t\t\t<span class=\"elementor-icon-list-text\"> G\u00e5 til boliger<\/span>\n\t\t\t\t\t\t\t\t\t\t\t<\/a>\n\t\t\t\t\t\t\t\t\t<\/li>\n\t\t\t\t\t\t<\/ul>\n\t\t\t\t\t\t<\/div>\n\t\t\t\t<\/div>\n\t\t\t\t\t<\/div>\n\t\t<\/div>\n\t\t\t\t\t<\/div>\n\t\t<\/section>\n\t\t\t\t<section class=\"elementor-section elementor-top-section elementor-element elementor-element-4c2cd55 elementor-section-boxed elementor-section-height-default elementor-section-height-default\" data-id=\"4c2cd55\" data-element_type=\"section\" data-e-type=\"section\">\n\t\t\t\t\t\t<div class=\"elementor-container elementor-column-gap-default\">\n\t\t\t\t\t<div class=\"elementor-column elementor-col-100 elementor-top-column elementor-element elementor-element-3007cfc7\" data-id=\"3007cfc7\" data-element_type=\"column\" data-e-type=\"column\">\n\t\t\t<div class=\"elementor-widget-wrap elementor-element-populated\">\n\t\t\t\t\t\t<div class=\"elementor-element elementor-element-47f6cc88 elementor-widget elementor-widget-spacer\" data-id=\"47f6cc88\" data-element_type=\"widget\" data-e-type=\"widget\" data-widget_type=\"spacer.default\">\n\t\t\t\t<div class=\"elementor-widget-container\">\n\t\t\t\t\t\t\t<div class=\"elementor-spacer\">\n\t\t\t<div class=\"elementor-spacer-inner\"><\/div>\n\t\t<\/div>\n\t\t\t\t\t\t<\/div>\n\t\t\t\t<\/div>\n\t\t\t\t\t<\/div>\n\t\t<\/div>\n\t\t\t\t\t<\/div>\n\t\t<\/section>\n\t\t\t\t<\/div>\n\t\t","protected":false},"excerpt":{"rendered":"<p>K\u00f8b med Andersen Estate I Frankrig kan boligs\u00f8gning synes uoverskuelig. Dels p\u00e5 grund af de mange ejendomme til salg, der ofte udbydes af flere m\u00e6glere med forskellige fakta, priser, mv. Men ogs\u00e5 p\u00e5 grund af frav\u00e6ret af komplet information om den enkelte bolig. De boliger vi har til salg, er kun til salg hos os. [&hellip;]<\/p>\n","protected":false},"author":1,"featured_media":0,"parent":0,"menu_order":0,"comment_status":"closed","ping_status":"closed","template":"elementor_header_footer","meta":{"_acf_changed":false,"footnotes":""},"class_list":["post-2464","page","type-page","status-publish","hentry"],"acf":[],"yoast_head":"<!-- This site is optimized with the Yoast SEO plugin v27.3 - https:\/\/yoast.com\/product\/yoast-seo-wordpress\/ -->\n<title>Huse til salg i Sydfrankrig \u2502Skandinavisk effektivitet \u2502K\u00f8b her.<\/title>\n<meta name=\"description\" content=\"\u00d8nsker du at k\u00f8be en bolig i den franske riviera? Vi har huse til salg i Sydfrankrig og hj\u00e6lper dig med en sikker og overskuelig start. L\u00e6s mere her.\" \/>\n<meta name=\"robots\" content=\"index, follow, max-snippet:-1, max-image-preview:large, max-video-preview:-1\" \/>\n<link rel=\"canonical\" href=\"https:\/\/andersenestate.com\/da\/kob-med-andersen-estate\/\" \/>\n<meta property=\"og:locale\" content=\"da_DK\" \/>\n<meta property=\"og:type\" content=\"article\" \/>\n<meta property=\"og:title\" content=\"Huse til salg i Sydfrankrig \u2502Skandinavisk effektivitet \u2502K\u00f8b her.\" \/>\n<meta property=\"og:description\" content=\"\u00d8nsker du at k\u00f8be en bolig i den franske riviera? Vi har huse til salg i Sydfrankrig og hj\u00e6lper dig med en sikker og overskuelig start. L\u00e6s mere her.\" \/>\n<meta property=\"og:url\" content=\"https:\/\/andersenestate.com\/da\/kob-med-andersen-estate\/\" \/>\n<meta property=\"og:site_name\" content=\"Andersen Estate\" \/>\n<meta property=\"article:modified_time\" content=\"2025-03-04T12:25:01+00:00\" \/>\n<meta name=\"twitter:card\" content=\"summary_large_image\" \/>\n<meta name=\"twitter:label1\" content=\"Estimeret l\u00e6setid\" \/>\n\t<meta name=\"twitter:data1\" content=\"2 minutter\" \/>\n<script type=\"application\/ld+json\" class=\"yoast-schema-graph\">{\"@context\":\"https:\\\/\\\/schema.org\",\"@graph\":[{\"@type\":\"WebPage\",\"@id\":\"https:\\\/\\\/andersenestate.com\\\/da\\\/kob-med-andersen-estate\\\/\",\"url\":\"https:\\\/\\\/andersenestate.com\\\/da\\\/kob-med-andersen-estate\\\/\",\"name\":\"Huse til salg i Sydfrankrig \u2502Skandinavisk effektivitet \u2502K\u00f8b her.\",\"isPartOf\":{\"@id\":\"https:\\\/\\\/andersenestate.com\\\/da\\\/#website\"},\"datePublished\":\"2020-02-10T13:21:20+00:00\",\"dateModified\":\"2025-03-04T12:25:01+00:00\",\"description\":\"\u00d8nsker du at k\u00f8be en bolig i den franske riviera? Vi har huse til salg i Sydfrankrig og hj\u00e6lper dig med en sikker og overskuelig start. L\u00e6s mere her.\",\"breadcrumb\":{\"@id\":\"https:\\\/\\\/andersenestate.com\\\/da\\\/kob-med-andersen-estate\\\/#breadcrumb\"},\"inLanguage\":\"da-DK\",\"potentialAction\":[{\"@type\":\"ReadAction\",\"target\":[\"https:\\\/\\\/andersenestate.com\\\/da\\\/kob-med-andersen-estate\\\/\"]}]},{\"@type\":\"BreadcrumbList\",\"@id\":\"https:\\\/\\\/andersenestate.com\\\/da\\\/kob-med-andersen-estate\\\/#breadcrumb\",\"itemListElement\":[{\"@type\":\"ListItem\",\"position\":1,\"name\":\"Home\",\"item\":\"https:\\\/\\\/andersenestate.com\\\/da\\\/\"},{\"@type\":\"ListItem\",\"position\":2,\"name\":\"K\u00f8b med Andersen Estate\"}]},{\"@type\":\"WebSite\",\"@id\":\"https:\\\/\\\/andersenestate.com\\\/da\\\/#website\",\"url\":\"https:\\\/\\\/andersenestate.com\\\/da\\\/\",\"name\":\"Andersen Estate\",\"description\":\"\",\"publisher\":{\"@id\":\"https:\\\/\\\/andersenestate.com\\\/da\\\/#organization\"},\"potentialAction\":[{\"@type\":\"SearchAction\",\"target\":{\"@type\":\"EntryPoint\",\"urlTemplate\":\"https:\\\/\\\/andersenestate.com\\\/da\\\/?s={search_term_string}\"},\"query-input\":{\"@type\":\"PropertyValueSpecification\",\"valueRequired\":true,\"valueName\":\"search_term_string\"}}],\"inLanguage\":\"da-DK\"},{\"@type\":\"Organization\",\"@id\":\"https:\\\/\\\/andersenestate.com\\\/da\\\/#organization\",\"name\":\"Andersen Estate\",\"url\":\"https:\\\/\\\/andersenestate.com\\\/da\\\/\",\"logo\":{\"@type\":\"ImageObject\",\"inLanguage\":\"da-DK\",\"@id\":\"https:\\\/\\\/andersenestate.com\\\/da\\\/#\\\/schema\\\/logo\\\/image\\\/\",\"url\":\"https:\\\/\\\/andersenestate.com\\\/wp-content\\\/uploads\\\/2020\\\/04\\\/AE_logo1_blue_600.png\",\"contentUrl\":\"https:\\\/\\\/andersenestate.com\\\/wp-content\\\/uploads\\\/2020\\\/04\\\/AE_logo1_blue_600.png\",\"width\":600,\"height\":228,\"caption\":\"Andersen Estate\"},\"image\":{\"@id\":\"https:\\\/\\\/andersenestate.com\\\/da\\\/#\\\/schema\\\/logo\\\/image\\\/\"}}]}<\/script>\n<!-- \/ Yoast SEO plugin. -->","yoast_head_json":{"title":"Huse til salg i Sydfrankrig \u2502Skandinavisk effektivitet \u2502K\u00f8b her.","description":"\u00d8nsker du at k\u00f8be en bolig i den franske riviera? Vi har huse til salg i Sydfrankrig og hj\u00e6lper dig med en sikker og overskuelig start. L\u00e6s mere her.","robots":{"index":"index","follow":"follow","max-snippet":"max-snippet:-1","max-image-preview":"max-image-preview:large","max-video-preview":"max-video-preview:-1"},"canonical":"https:\/\/andersenestate.com\/da\/kob-med-andersen-estate\/","og_locale":"da_DK","og_type":"article","og_title":"Huse til salg i Sydfrankrig \u2502Skandinavisk effektivitet \u2502K\u00f8b her.","og_description":"\u00d8nsker du at k\u00f8be en bolig i den franske riviera? Vi har huse til salg i Sydfrankrig og hj\u00e6lper dig med en sikker og overskuelig start. L\u00e6s mere her.","og_url":"https:\/\/andersenestate.com\/da\/kob-med-andersen-estate\/","og_site_name":"Andersen Estate","article_modified_time":"2025-03-04T12:25:01+00:00","twitter_card":"summary_large_image","twitter_misc":{"Estimeret l\u00e6setid":"2 minutter"},"schema":{"@context":"https:\/\/schema.org","@graph":[{"@type":"WebPage","@id":"https:\/\/andersenestate.com\/da\/kob-med-andersen-estate\/","url":"https:\/\/andersenestate.com\/da\/kob-med-andersen-estate\/","name":"Huse til salg i Sydfrankrig \u2502Skandinavisk effektivitet \u2502K\u00f8b her.","isPartOf":{"@id":"https:\/\/andersenestate.com\/da\/#website"},"datePublished":"2020-02-10T13:21:20+00:00","dateModified":"2025-03-04T12:25:01+00:00","description":"\u00d8nsker du at k\u00f8be en bolig i den franske riviera? Vi har huse til salg i Sydfrankrig og hj\u00e6lper dig med en sikker og overskuelig start. L\u00e6s mere her.","breadcrumb":{"@id":"https:\/\/andersenestate.com\/da\/kob-med-andersen-estate\/#breadcrumb"},"inLanguage":"da-DK","potentialAction":[{"@type":"ReadAction","target":["https:\/\/andersenestate.com\/da\/kob-med-andersen-estate\/"]}]},{"@type":"BreadcrumbList","@id":"https:\/\/andersenestate.com\/da\/kob-med-andersen-estate\/#breadcrumb","itemListElement":[{"@type":"ListItem","position":1,"name":"Home","item":"https:\/\/andersenestate.com\/da\/"},{"@type":"ListItem","position":2,"name":"K\u00f8b med Andersen Estate"}]},{"@type":"WebSite","@id":"https:\/\/andersenestate.com\/da\/#website","url":"https:\/\/andersenestate.com\/da\/","name":"Andersen Estate","description":"","publisher":{"@id":"https:\/\/andersenestate.com\/da\/#organization"},"potentialAction":[{"@type":"SearchAction","target":{"@type":"EntryPoint","urlTemplate":"https:\/\/andersenestate.com\/da\/?s={search_term_string}"},"query-input":{"@type":"PropertyValueSpecification","valueRequired":true,"valueName":"search_term_string"}}],"inLanguage":"da-DK"},{"@type":"Organization","@id":"https:\/\/andersenestate.com\/da\/#organization","name":"Andersen Estate","url":"https:\/\/andersenestate.com\/da\/","logo":{"@type":"ImageObject","inLanguage":"da-DK","@id":"https:\/\/andersenestate.com\/da\/#\/schema\/logo\/image\/","url":"https:\/\/andersenestate.com\/wp-content\/uploads\/2020\/04\/AE_logo1_blue_600.png","contentUrl":"https:\/\/andersenestate.com\/wp-content\/uploads\/2020\/04\/AE_logo1_blue_600.png","width":600,"height":228,"caption":"Andersen Estate"},"image":{"@id":"https:\/\/andersenestate.com\/da\/#\/schema\/logo\/image\/"}}]}},"_links":{"self":[{"href":"https:\/\/andersenestate.com\/da\/wp-json\/wp\/v2\/pages\/2464","targetHints":{"allow":["GET"]}}],"collection":[{"href":"https:\/\/andersenestate.com\/da\/wp-json\/wp\/v2\/pages"}],"about":[{"href":"https:\/\/andersenestate.com\/da\/wp-json\/wp\/v2\/types\/page"}],"author":[{"embeddable":true,"href":"https:\/\/andersenestate.com\/da\/wp-json\/wp\/v2\/users\/1"}],"replies":[{"embeddable":true,"href":"https:\/\/andersenestate.com\/da\/wp-json\/wp\/v2\/comments?post=2464"}],"version-history":[{"count":0,"href":"https:\/\/andersenestate.com\/da\/wp-json\/wp\/v2\/pages\/2464\/revisions"}],"wp:attachment":[{"href":"https:\/\/andersenestate.com\/da\/wp-json\/wp\/v2\/media?parent=2464"}],"curies":[{"name":"wp","href":"https:\/\/api.w.org\/{rel}","templated":true}]}}