{"id":2317,"date":"2016-10-10T20:17:42","date_gmt":"2016-10-10T20:17:42","guid":{"rendered":"http:\/\/houzez09.favethemes.com\/?page_id=2317"},"modified":"2023-11-02T09:33:15","modified_gmt":"2023-11-02T08:33:15","slug":"bolig-sydfrankrig","status":"publish","type":"page","link":"https:\/\/andersenestate.com\/da\/bolig-sydfrankrig\/","title":{"rendered":"Search Results"},"content":{"rendered":"<p><strong>BOLIGER TIL SALG I SYDFRANKRIG<\/strong><\/p>\n<p>Vi er en dansk ejendomsm\u00e6gler i Sydfrankrig med mere end 17 \u00e5rs erfaring indenfor ejendomshandel.<br \/>\nHos os vil du opleve gennemsigtighed og rettidig omhu gennem hele forl\u00f8bet af din franske ejendomshandel.<br \/>\nVi yder ogs\u00e5 vejledning til den juridiske og finansielle del af handlen.<br \/>\nVi arbejder altid ud fra en grundig og \u00e6rlig dialog med vores kunder, hvilket sikrer dig den bedste l\u00f8sning.<br \/>\nBortset fra nybyggerier, er boligerne, som er pr\u00e6senteret p\u00e5 vores hjemmeside kun til salg hos os og ingen andre steder !<\/p>\n<p><a href=\"https:\/\/andersenestate.com\/da\/kob-med-andersen-estate\/\">L\u00e6s mere om processen her<\/a>.<\/p>\n","protected":false},"excerpt":{"rendered":"<p>BOLIGER TIL SALG I SYDFRANKRIG Vi er en dansk ejendomsm\u00e6gler i Sydfrankrig med mere end 17 \u00e5rs erfaring indenfor ejendomshandel. Hos os vil du opleve gennemsigtighed og rettidig omhu gennem hele forl\u00f8bet af din franske ejendomshandel. Vi yder ogs\u00e5 vejledning til den juridiske og finansielle del af handlen. Vi arbejder altid ud fra en grundig [&hellip;]<\/p>\n","protected":false},"author":1,"featured_media":0,"parent":0,"menu_order":0,"comment_status":"closed","ping_status":"closed","template":"template\/template-search.php","meta":{"_acf_changed":false,"footnotes":""},"class_list":["post-2317","page","type-page","status-publish","hentry"],"acf":[],"yoast_head":"<!-- This site is optimized with the Yoast SEO plugin v27.4 - https:\/\/yoast.com\/product\/yoast-seo-wordpress\/ -->\n<title>Boliger til salg i Sydfrankrig \/ Frankrig | 20 \u00e5rs erfaring \u2713<\/title>\n<meta name=\"description\" content=\"Leder du efter en luksusvilla, lejlighed eller byhus p\u00e5 C\u00f4te d\u2019Azur ? Vi har et eksklusivt udvalg af sk\u00f8nne boliger til salg i Sydfrankrig | Vi hj\u00e6lper trygt igennem din franske bolighandel\" \/>\n<meta name=\"robots\" content=\"index, follow, max-snippet:-1, max-image-preview:large, max-video-preview:-1\" \/>\n<link rel=\"canonical\" href=\"https:\/\/andersenestate.com\/da\/bolig-sydfrankrig\/\" \/>\n<meta property=\"og:locale\" content=\"da_DK\" \/>\n<meta property=\"og:type\" content=\"article\" \/>\n<meta property=\"og:title\" content=\"Boliger til salg i Sydfrankrig \/ Frankrig | 20 \u00e5rs erfaring \u2713\" \/>\n<meta property=\"og:description\" content=\"Leder du efter en luksusvilla, lejlighed eller byhus p\u00e5 C\u00f4te d\u2019Azur ? Vi har et eksklusivt udvalg af sk\u00f8nne boliger til salg i Sydfrankrig | Vi hj\u00e6lper trygt igennem din franske bolighandel\" \/>\n<meta property=\"og:url\" content=\"https:\/\/andersenestate.com\/da\/bolig-sydfrankrig\/\" \/>\n<meta property=\"og:site_name\" content=\"Andersen Estate\" \/>\n<meta property=\"article:modified_time\" content=\"2023-11-02T08:33:15+00:00\" \/>\n<meta name=\"twitter:card\" content=\"summary_large_image\" \/>\n<meta name=\"twitter:label1\" content=\"Estimeret l\u00e6setid\" \/>\n\t<meta name=\"twitter:data1\" content=\"1 minut\" \/>\n<script type=\"application\/ld+json\" class=\"yoast-schema-graph\">{\"@context\":\"https:\\\/\\\/schema.org\",\"@graph\":[{\"@type\":\"WebPage\",\"@id\":\"https:\\\/\\\/andersenestate.com\\\/da\\\/bolig-sydfrankrig\\\/\",\"url\":\"https:\\\/\\\/andersenestate.com\\\/da\\\/bolig-sydfrankrig\\\/\",\"name\":\"Boliger til salg i Sydfrankrig \\\/ Frankrig | 20 \u00e5rs erfaring \u2713\",\"isPartOf\":{\"@id\":\"https:\\\/\\\/andersenestate.com\\\/da\\\/#website\"},\"datePublished\":\"2016-10-10T20:17:42+00:00\",\"dateModified\":\"2023-11-02T08:33:15+00:00\",\"description\":\"Leder du efter en luksusvilla, lejlighed eller byhus p\u00e5 C\u00f4te d\u2019Azur ? Vi har et eksklusivt udvalg af sk\u00f8nne boliger til salg i Sydfrankrig | Vi hj\u00e6lper trygt igennem din franske bolighandel\",\"breadcrumb\":{\"@id\":\"https:\\\/\\\/andersenestate.com\\\/da\\\/bolig-sydfrankrig\\\/#breadcrumb\"},\"inLanguage\":\"da-DK\",\"potentialAction\":[{\"@type\":\"ReadAction\",\"target\":[\"https:\\\/\\\/andersenestate.com\\\/da\\\/bolig-sydfrankrig\\\/\"]}]},{\"@type\":\"BreadcrumbList\",\"@id\":\"https:\\\/\\\/andersenestate.com\\\/da\\\/bolig-sydfrankrig\\\/#breadcrumb\",\"itemListElement\":[{\"@type\":\"ListItem\",\"position\":1,\"name\":\"Home\",\"item\":\"https:\\\/\\\/andersenestate.com\\\/da\\\/\"},{\"@type\":\"ListItem\",\"position\":2,\"name\":\"Search Results\"}]},{\"@type\":\"WebSite\",\"@id\":\"https:\\\/\\\/andersenestate.com\\\/da\\\/#website\",\"url\":\"https:\\\/\\\/andersenestate.com\\\/da\\\/\",\"name\":\"Andersen Estate\",\"description\":\"\",\"publisher\":{\"@id\":\"https:\\\/\\\/andersenestate.com\\\/da\\\/#organization\"},\"potentialAction\":[{\"@type\":\"SearchAction\",\"target\":{\"@type\":\"EntryPoint\",\"urlTemplate\":\"https:\\\/\\\/andersenestate.com\\\/da\\\/?s={search_term_string}\"},\"query-input\":{\"@type\":\"PropertyValueSpecification\",\"valueRequired\":true,\"valueName\":\"search_term_string\"}}],\"inLanguage\":\"da-DK\"},{\"@type\":\"Organization\",\"@id\":\"https:\\\/\\\/andersenestate.com\\\/da\\\/#organization\",\"name\":\"Andersen Estate\",\"url\":\"https:\\\/\\\/andersenestate.com\\\/da\\\/\",\"logo\":{\"@type\":\"ImageObject\",\"inLanguage\":\"da-DK\",\"@id\":\"https:\\\/\\\/andersenestate.com\\\/da\\\/#\\\/schema\\\/logo\\\/image\\\/\",\"url\":\"https:\\\/\\\/andersenestate.com\\\/wp-content\\\/uploads\\\/2020\\\/04\\\/AE_logo1_blue_600.png\",\"contentUrl\":\"https:\\\/\\\/andersenestate.com\\\/wp-content\\\/uploads\\\/2020\\\/04\\\/AE_logo1_blue_600.png\",\"width\":600,\"height\":228,\"caption\":\"Andersen Estate\"},\"image\":{\"@id\":\"https:\\\/\\\/andersenestate.com\\\/da\\\/#\\\/schema\\\/logo\\\/image\\\/\"}}]}<\/script>\n<!-- \/ Yoast SEO plugin. -->","yoast_head_json":{"title":"Boliger til salg i Sydfrankrig \/ Frankrig | 20 \u00e5rs erfaring \u2713","description":"Leder du efter en luksusvilla, lejlighed eller byhus p\u00e5 C\u00f4te d\u2019Azur ? Vi har et eksklusivt udvalg af sk\u00f8nne boliger til salg i Sydfrankrig | Vi hj\u00e6lper trygt igennem din franske bolighandel","robots":{"index":"index","follow":"follow","max-snippet":"max-snippet:-1","max-image-preview":"max-image-preview:large","max-video-preview":"max-video-preview:-1"},"canonical":"https:\/\/andersenestate.com\/da\/bolig-sydfrankrig\/","og_locale":"da_DK","og_type":"article","og_title":"Boliger til salg i Sydfrankrig \/ Frankrig | 20 \u00e5rs erfaring \u2713","og_description":"Leder du efter en luksusvilla, lejlighed eller byhus p\u00e5 C\u00f4te d\u2019Azur ? Vi har et eksklusivt udvalg af sk\u00f8nne boliger til salg i Sydfrankrig | Vi hj\u00e6lper trygt igennem din franske bolighandel","og_url":"https:\/\/andersenestate.com\/da\/bolig-sydfrankrig\/","og_site_name":"Andersen Estate","article_modified_time":"2023-11-02T08:33:15+00:00","twitter_card":"summary_large_image","twitter_misc":{"Estimeret l\u00e6setid":"1 minut"},"schema":{"@context":"https:\/\/schema.org","@graph":[{"@type":"WebPage","@id":"https:\/\/andersenestate.com\/da\/bolig-sydfrankrig\/","url":"https:\/\/andersenestate.com\/da\/bolig-sydfrankrig\/","name":"Boliger til salg i Sydfrankrig \/ Frankrig | 20 \u00e5rs erfaring \u2713","isPartOf":{"@id":"https:\/\/andersenestate.com\/da\/#website"},"datePublished":"2016-10-10T20:17:42+00:00","dateModified":"2023-11-02T08:33:15+00:00","description":"Leder du efter en luksusvilla, lejlighed eller byhus p\u00e5 C\u00f4te d\u2019Azur ? Vi har et eksklusivt udvalg af sk\u00f8nne boliger til salg i Sydfrankrig | Vi hj\u00e6lper trygt igennem din franske bolighandel","breadcrumb":{"@id":"https:\/\/andersenestate.com\/da\/bolig-sydfrankrig\/#breadcrumb"},"inLanguage":"da-DK","potentialAction":[{"@type":"ReadAction","target":["https:\/\/andersenestate.com\/da\/bolig-sydfrankrig\/"]}]},{"@type":"BreadcrumbList","@id":"https:\/\/andersenestate.com\/da\/bolig-sydfrankrig\/#breadcrumb","itemListElement":[{"@type":"ListItem","position":1,"name":"Home","item":"https:\/\/andersenestate.com\/da\/"},{"@type":"ListItem","position":2,"name":"Search Results"}]},{"@type":"WebSite","@id":"https:\/\/andersenestate.com\/da\/#website","url":"https:\/\/andersenestate.com\/da\/","name":"Andersen Estate","description":"","publisher":{"@id":"https:\/\/andersenestate.com\/da\/#organization"},"potentialAction":[{"@type":"SearchAction","target":{"@type":"EntryPoint","urlTemplate":"https:\/\/andersenestate.com\/da\/?s={search_term_string}"},"query-input":{"@type":"PropertyValueSpecification","valueRequired":true,"valueName":"search_term_string"}}],"inLanguage":"da-DK"},{"@type":"Organization","@id":"https:\/\/andersenestate.com\/da\/#organization","name":"Andersen Estate","url":"https:\/\/andersenestate.com\/da\/","logo":{"@type":"ImageObject","inLanguage":"da-DK","@id":"https:\/\/andersenestate.com\/da\/#\/schema\/logo\/image\/","url":"https:\/\/andersenestate.com\/wp-content\/uploads\/2020\/04\/AE_logo1_blue_600.png","contentUrl":"https:\/\/andersenestate.com\/wp-content\/uploads\/2020\/04\/AE_logo1_blue_600.png","width":600,"height":228,"caption":"Andersen Estate"},"image":{"@id":"https:\/\/andersenestate.com\/da\/#\/schema\/logo\/image\/"}}]}},"_links":{"self":[{"href":"https:\/\/andersenestate.com\/da\/wp-json\/wp\/v2\/pages\/2317","targetHints":{"allow":["GET"]}}],"collection":[{"href":"https:\/\/andersenestate.com\/da\/wp-json\/wp\/v2\/pages"}],"about":[{"href":"https:\/\/andersenestate.com\/da\/wp-json\/wp\/v2\/types\/page"}],"author":[{"embeddable":true,"href":"https:\/\/andersenestate.com\/da\/wp-json\/wp\/v2\/users\/1"}],"replies":[{"embeddable":true,"href":"https:\/\/andersenestate.com\/da\/wp-json\/wp\/v2\/comments?post=2317"}],"version-history":[{"count":0,"href":"https:\/\/andersenestate.com\/da\/wp-json\/wp\/v2\/pages\/2317\/revisions"}],"wp:attachment":[{"href":"https:\/\/andersenestate.com\/da\/wp-json\/wp\/v2\/media?parent=2317"}],"curies":[{"name":"wp","href":"https:\/\/api.w.org\/{rel}","templated":true}]}}